{"id":4507,"date":"2018-01-01T21:59:15","date_gmt":"2018-01-01T20:59:15","guid":{"rendered":"http:\/\/newweb.arabische-schule-nour.ch\/?page_id=4507"},"modified":"2026-04-18T01:48:42","modified_gmt":"2026-04-17T23:48:42","slug":"home","status":"publish","type":"page","link":"http:\/\/www.arabische-schule-nour.ch\/","title":{"rendered":"Home"},"content":{"rendered":"<h2>Herzlich Willkommen<\/h2>\n<p>NOUR ist eine Schule f\u00fcr Arabische Sprache &amp; Kultur.<\/p>\n","protected":false},"excerpt":{"rendered":"<p>Herzlich Willkommen NOUR ist eine Schule f\u00fcr Arabische Sprache &amp; Kultur.<\/p>\n","protected":false},"author":1,"featured_media":4823,"parent":0,"menu_order":0,"comment_status":"closed","ping_status":"closed","template":"page-templates\/home-slider-top.php","meta":{"footnotes":""},"class_list":["post-4507","page","type-page","status-publish","has-post-thumbnail","hentry"],"yoast_head":"<!-- This site is optimized with the Yoast SEO plugin v27.3 - https:\/\/yoast.com\/product\/yoast-seo-wordpress\/ -->\n<title>Home - www.arabische-schule-nour.ch<\/title>\n<meta name=\"description\" content=\"Die arabische Schule NOUR ist eine anerkannte Schule f\u00fcr HSK-Unterricht im Kanton Z\u00fcrich. NOUR ist eine Schule f\u00fcr Arabische Sprache &amp; Kultur. \u0645\u062f\u0631\u0633\u0629 \u0646\u0648\u0631 \u0645\u064f\u0639\u062a\u0631\u0641 \u0628\u0647\u0627 \u0645\u0646 \u0645\u062f\u064a\u0631\u064a\u0629 \u0627\u0644\u062a\u0639\u0644\u064a\u0645 \u0641\u064a \u0643\u0627\u0646\u062a\u0648\u0646 \u0632\u0648\u0631\u064a\u062e \u0643\u0645\u062f\u0631\u0633\u0629 \u0631\u0633\u0645\u064a\u0629 \u0644\u062a\u0639\u0644\u064a\u0645 \u0627\u0644\u0644\u063a\u064f\u0629 \u0648\u0627\u0644\u062b\u0642\u0627\u0641\u0629 \u0627\u0644\u0639\u0631\u0628\u064a\u0629. \u0645\u062f\u064a\u0646\u0629 \u0632\u0648\u0631\u064a\u062e \u0641\u064a \u0633\u0648\u064a\u0633\u0631\u0627\" \/>\n<meta name=\"robots\" content=\"index, follow, max-snippet:-1, max-image-preview:large, max-video-preview:-1\" \/>\n<link rel=\"canonical\" href=\"https:\/\/www.arabische-schule-nour.ch\/\" \/>\n<meta property=\"og:locale\" content=\"de_DE\" \/>\n<meta property=\"og:type\" content=\"article\" \/>\n<meta property=\"og:title\" content=\"Home - www.arabische-schule-nour.ch\" \/>\n<meta property=\"og:description\" content=\"Die arabische Schule NOUR ist eine anerkannte Schule f\u00fcr HSK-Unterricht im Kanton Z\u00fcrich. NOUR ist eine Schule f\u00fcr Arabische Sprache &amp; Kultur. \u0645\u062f\u0631\u0633\u0629 \u0646\u0648\u0631 \u0645\u064f\u0639\u062a\u0631\u0641 \u0628\u0647\u0627 \u0645\u0646 \u0645\u062f\u064a\u0631\u064a\u0629 \u0627\u0644\u062a\u0639\u0644\u064a\u0645 \u0641\u064a \u0643\u0627\u0646\u062a\u0648\u0646 \u0632\u0648\u0631\u064a\u062e \u0643\u0645\u062f\u0631\u0633\u0629 \u0631\u0633\u0645\u064a\u0629 \u0644\u062a\u0639\u0644\u064a\u0645 \u0627\u0644\u0644\u063a\u064f\u0629 \u0648\u0627\u0644\u062b\u0642\u0627\u0641\u0629 \u0627\u0644\u0639\u0631\u0628\u064a\u0629. \u0645\u062f\u064a\u0646\u0629 \u0632\u0648\u0631\u064a\u062e \u0641\u064a \u0633\u0648\u064a\u0633\u0631\u0627\" \/>\n<meta property=\"og:url\" content=\"https:\/\/www.arabische-schule-nour.ch\/\" \/>\n<meta property=\"og:site_name\" content=\"www.arabische-schule-nour.ch\" \/>\n<meta property=\"article:modified_time\" content=\"2026-04-17T23:48:42+00:00\" \/>\n<meta property=\"og:image\" content=\"http:\/\/www.arabische-schule-nour.ch\/wp-content\/uploads\/2018\/09\/Arabische-Schule-NOUR-1270x500px-PIC0252-medium-quality.jpg\" \/>\n\t<meta property=\"og:image:width\" content=\"1270\" \/>\n\t<meta property=\"og:image:height\" content=\"500\" \/>\n\t<meta property=\"og:image:type\" content=\"image\/jpeg\" \/>\n<meta name=\"twitter:card\" content=\"summary_large_image\" \/>\n<meta name=\"twitter:label1\" content=\"Gesch\u00e4tzte Lesezeit\" \/>\n\t<meta name=\"twitter:data1\" content=\"1\u00a0Minute\" \/>\n<script type=\"application\/ld+json\" class=\"yoast-schema-graph\">{\"@context\":\"https:\\\/\\\/schema.org\",\"@graph\":[{\"@type\":\"WebPage\",\"@id\":\"https:\\\/\\\/www.arabische-schule-nour.ch\\\/\",\"url\":\"https:\\\/\\\/www.arabische-schule-nour.ch\\\/\",\"name\":\"Home - www.arabische-schule-nour.ch\",\"isPartOf\":{\"@id\":\"http:\\\/\\\/www.arabische-schule-nour.ch\\\/#website\"},\"primaryImageOfPage\":{\"@id\":\"https:\\\/\\\/www.arabische-schule-nour.ch\\\/#primaryimage\"},\"image\":{\"@id\":\"https:\\\/\\\/www.arabische-schule-nour.ch\\\/#primaryimage\"},\"thumbnailUrl\":\"http:\\\/\\\/www.arabische-schule-nour.ch\\\/wp-content\\\/uploads\\\/2018\\\/09\\\/Arabische-Schule-NOUR-1270x500px-PIC0252-medium-quality.jpg\",\"datePublished\":\"2018-01-01T20:59:15+00:00\",\"dateModified\":\"2026-04-17T23:48:42+00:00\",\"description\":\"Die arabische Schule NOUR ist eine anerkannte Schule f\u00fcr HSK-Unterricht im Kanton Z\u00fcrich. NOUR ist eine Schule f\u00fcr Arabische Sprache & Kultur. \u0645\u062f\u0631\u0633\u0629 \u0646\u0648\u0631 \u0645\u064f\u0639\u062a\u0631\u0641 \u0628\u0647\u0627 \u0645\u0646 \u0645\u062f\u064a\u0631\u064a\u0629 \u0627\u0644\u062a\u0639\u0644\u064a\u0645 \u0641\u064a \u0643\u0627\u0646\u062a\u0648\u0646 \u0632\u0648\u0631\u064a\u062e \u0643\u0645\u062f\u0631\u0633\u0629 \u0631\u0633\u0645\u064a\u0629 \u0644\u062a\u0639\u0644\u064a\u0645 \u0627\u0644\u0644\u063a\u064f\u0629 \u0648\u0627\u0644\u062b\u0642\u0627\u0641\u0629 \u0627\u0644\u0639\u0631\u0628\u064a\u0629. \u0645\u062f\u064a\u0646\u0629 \u0632\u0648\u0631\u064a\u062e \u0641\u064a \u0633\u0648\u064a\u0633\u0631\u0627\",\"breadcrumb\":{\"@id\":\"https:\\\/\\\/www.arabische-schule-nour.ch\\\/#breadcrumb\"},\"inLanguage\":\"de-CH\",\"potentialAction\":[{\"@type\":\"ReadAction\",\"target\":[\"https:\\\/\\\/www.arabische-schule-nour.ch\\\/\"]}]},{\"@type\":\"ImageObject\",\"inLanguage\":\"de-CH\",\"@id\":\"https:\\\/\\\/www.arabische-schule-nour.ch\\\/#primaryimage\",\"url\":\"http:\\\/\\\/www.arabische-schule-nour.ch\\\/wp-content\\\/uploads\\\/2018\\\/09\\\/Arabische-Schule-NOUR-1270x500px-PIC0252-medium-quality.jpg\",\"contentUrl\":\"http:\\\/\\\/www.arabische-schule-nour.ch\\\/wp-content\\\/uploads\\\/2018\\\/09\\\/Arabische-Schule-NOUR-1270x500px-PIC0252-medium-quality.jpg\",\"width\":1270,\"height\":500},{\"@type\":\"BreadcrumbList\",\"@id\":\"https:\\\/\\\/www.arabische-schule-nour.ch\\\/#breadcrumb\",\"itemListElement\":[{\"@type\":\"ListItem\",\"position\":1,\"name\":\"Home\",\"item\":\"https:\\\/\\\/www.arabische-schule-nour.ch\\\/\"},{\"@type\":\"ListItem\",\"position\":2,\"name\":\"Home\"}]},{\"@type\":\"WebSite\",\"@id\":\"http:\\\/\\\/www.arabische-schule-nour.ch\\\/#website\",\"url\":\"http:\\\/\\\/www.arabische-schule-nour.ch\\\/\",\"name\":\"www.arabische-schule-nour.ch\",\"description\":\"\",\"publisher\":{\"@id\":\"http:\\\/\\\/www.arabische-schule-nour.ch\\\/#organization\"},\"potentialAction\":[{\"@type\":\"SearchAction\",\"target\":{\"@type\":\"EntryPoint\",\"urlTemplate\":\"http:\\\/\\\/www.arabische-schule-nour.ch\\\/?s={search_term_string}\"},\"query-input\":{\"@type\":\"PropertyValueSpecification\",\"valueRequired\":true,\"valueName\":\"search_term_string\"}}],\"inLanguage\":\"de-CH\"},{\"@type\":\"Organization\",\"@id\":\"http:\\\/\\\/www.arabische-schule-nour.ch\\\/#organization\",\"name\":\"www.arabische-schule-nour.ch\",\"url\":\"http:\\\/\\\/www.arabische-schule-nour.ch\\\/\",\"logo\":{\"@type\":\"ImageObject\",\"inLanguage\":\"de-CH\",\"@id\":\"http:\\\/\\\/www.arabische-schule-nour.ch\\\/#\\\/schema\\\/logo\\\/image\\\/\",\"url\":\"http:\\\/\\\/www.arabische-schule-nour.ch\\\/wp-content\\\/uploads\\\/2018\\\/08\\\/arabische-schule-nour-header-logo-1270x100.png\",\"contentUrl\":\"http:\\\/\\\/www.arabische-schule-nour.ch\\\/wp-content\\\/uploads\\\/2018\\\/08\\\/arabische-schule-nour-header-logo-1270x100.png\",\"width\":1270,\"height\":100,\"caption\":\"www.arabische-schule-nour.ch\"},\"image\":{\"@id\":\"http:\\\/\\\/www.arabische-schule-nour.ch\\\/#\\\/schema\\\/logo\\\/image\\\/\"}}]}<\/script>\n<!-- \/ Yoast SEO plugin. -->","yoast_head_json":{"title":"Home - www.arabische-schule-nour.ch","description":"Die arabische Schule NOUR ist eine anerkannte Schule f\u00fcr HSK-Unterricht im Kanton Z\u00fcrich. NOUR ist eine Schule f\u00fcr Arabische Sprache & Kultur. \u0645\u062f\u0631\u0633\u0629 \u0646\u0648\u0631 \u0645\u064f\u0639\u062a\u0631\u0641 \u0628\u0647\u0627 \u0645\u0646 \u0645\u062f\u064a\u0631\u064a\u0629 \u0627\u0644\u062a\u0639\u0644\u064a\u0645 \u0641\u064a \u0643\u0627\u0646\u062a\u0648\u0646 \u0632\u0648\u0631\u064a\u062e \u0643\u0645\u062f\u0631\u0633\u0629 \u0631\u0633\u0645\u064a\u0629 \u0644\u062a\u0639\u0644\u064a\u0645 \u0627\u0644\u0644\u063a\u064f\u0629 \u0648\u0627\u0644\u062b\u0642\u0627\u0641\u0629 \u0627\u0644\u0639\u0631\u0628\u064a\u0629. \u0645\u062f\u064a\u0646\u0629 \u0632\u0648\u0631\u064a\u062e \u0641\u064a \u0633\u0648\u064a\u0633\u0631\u0627","robots":{"index":"index","follow":"follow","max-snippet":"max-snippet:-1","max-image-preview":"max-image-preview:large","max-video-preview":"max-video-preview:-1"},"canonical":"https:\/\/www.arabische-schule-nour.ch\/","og_locale":"de_DE","og_type":"article","og_title":"Home - www.arabische-schule-nour.ch","og_description":"Die arabische Schule NOUR ist eine anerkannte Schule f\u00fcr HSK-Unterricht im Kanton Z\u00fcrich. NOUR ist eine Schule f\u00fcr Arabische Sprache & Kultur. \u0645\u062f\u0631\u0633\u0629 \u0646\u0648\u0631 \u0645\u064f\u0639\u062a\u0631\u0641 \u0628\u0647\u0627 \u0645\u0646 \u0645\u062f\u064a\u0631\u064a\u0629 \u0627\u0644\u062a\u0639\u0644\u064a\u0645 \u0641\u064a \u0643\u0627\u0646\u062a\u0648\u0646 \u0632\u0648\u0631\u064a\u062e \u0643\u0645\u062f\u0631\u0633\u0629 \u0631\u0633\u0645\u064a\u0629 \u0644\u062a\u0639\u0644\u064a\u0645 \u0627\u0644\u0644\u063a\u064f\u0629 \u0648\u0627\u0644\u062b\u0642\u0627\u0641\u0629 \u0627\u0644\u0639\u0631\u0628\u064a\u0629. \u0645\u062f\u064a\u0646\u0629 \u0632\u0648\u0631\u064a\u062e \u0641\u064a \u0633\u0648\u064a\u0633\u0631\u0627","og_url":"https:\/\/www.arabische-schule-nour.ch\/","og_site_name":"www.arabische-schule-nour.ch","article_modified_time":"2026-04-17T23:48:42+00:00","og_image":[{"width":1270,"height":500,"url":"http:\/\/www.arabische-schule-nour.ch\/wp-content\/uploads\/2018\/09\/Arabische-Schule-NOUR-1270x500px-PIC0252-medium-quality.jpg","type":"image\/jpeg"}],"twitter_card":"summary_large_image","twitter_misc":{"Gesch\u00e4tzte Lesezeit":"1\u00a0Minute"},"schema":{"@context":"https:\/\/schema.org","@graph":[{"@type":"WebPage","@id":"https:\/\/www.arabische-schule-nour.ch\/","url":"https:\/\/www.arabische-schule-nour.ch\/","name":"Home - www.arabische-schule-nour.ch","isPartOf":{"@id":"http:\/\/www.arabische-schule-nour.ch\/#website"},"primaryImageOfPage":{"@id":"https:\/\/www.arabische-schule-nour.ch\/#primaryimage"},"image":{"@id":"https:\/\/www.arabische-schule-nour.ch\/#primaryimage"},"thumbnailUrl":"http:\/\/www.arabische-schule-nour.ch\/wp-content\/uploads\/2018\/09\/Arabische-Schule-NOUR-1270x500px-PIC0252-medium-quality.jpg","datePublished":"2018-01-01T20:59:15+00:00","dateModified":"2026-04-17T23:48:42+00:00","description":"Die arabische Schule NOUR ist eine anerkannte Schule f\u00fcr HSK-Unterricht im Kanton Z\u00fcrich. NOUR ist eine Schule f\u00fcr Arabische Sprache & Kultur. \u0645\u062f\u0631\u0633\u0629 \u0646\u0648\u0631 \u0645\u064f\u0639\u062a\u0631\u0641 \u0628\u0647\u0627 \u0645\u0646 \u0645\u062f\u064a\u0631\u064a\u0629 \u0627\u0644\u062a\u0639\u0644\u064a\u0645 \u0641\u064a \u0643\u0627\u0646\u062a\u0648\u0646 \u0632\u0648\u0631\u064a\u062e \u0643\u0645\u062f\u0631\u0633\u0629 \u0631\u0633\u0645\u064a\u0629 \u0644\u062a\u0639\u0644\u064a\u0645 \u0627\u0644\u0644\u063a\u064f\u0629 \u0648\u0627\u0644\u062b\u0642\u0627\u0641\u0629 \u0627\u0644\u0639\u0631\u0628\u064a\u0629. \u0645\u062f\u064a\u0646\u0629 \u0632\u0648\u0631\u064a\u062e \u0641\u064a \u0633\u0648\u064a\u0633\u0631\u0627","breadcrumb":{"@id":"https:\/\/www.arabische-schule-nour.ch\/#breadcrumb"},"inLanguage":"de-CH","potentialAction":[{"@type":"ReadAction","target":["https:\/\/www.arabische-schule-nour.ch\/"]}]},{"@type":"ImageObject","inLanguage":"de-CH","@id":"https:\/\/www.arabische-schule-nour.ch\/#primaryimage","url":"http:\/\/www.arabische-schule-nour.ch\/wp-content\/uploads\/2018\/09\/Arabische-Schule-NOUR-1270x500px-PIC0252-medium-quality.jpg","contentUrl":"http:\/\/www.arabische-schule-nour.ch\/wp-content\/uploads\/2018\/09\/Arabische-Schule-NOUR-1270x500px-PIC0252-medium-quality.jpg","width":1270,"height":500},{"@type":"BreadcrumbList","@id":"https:\/\/www.arabische-schule-nour.ch\/#breadcrumb","itemListElement":[{"@type":"ListItem","position":1,"name":"Home","item":"https:\/\/www.arabische-schule-nour.ch\/"},{"@type":"ListItem","position":2,"name":"Home"}]},{"@type":"WebSite","@id":"http:\/\/www.arabische-schule-nour.ch\/#website","url":"http:\/\/www.arabische-schule-nour.ch\/","name":"www.arabische-schule-nour.ch","description":"","publisher":{"@id":"http:\/\/www.arabische-schule-nour.ch\/#organization"},"potentialAction":[{"@type":"SearchAction","target":{"@type":"EntryPoint","urlTemplate":"http:\/\/www.arabische-schule-nour.ch\/?s={search_term_string}"},"query-input":{"@type":"PropertyValueSpecification","valueRequired":true,"valueName":"search_term_string"}}],"inLanguage":"de-CH"},{"@type":"Organization","@id":"http:\/\/www.arabische-schule-nour.ch\/#organization","name":"www.arabische-schule-nour.ch","url":"http:\/\/www.arabische-schule-nour.ch\/","logo":{"@type":"ImageObject","inLanguage":"de-CH","@id":"http:\/\/www.arabische-schule-nour.ch\/#\/schema\/logo\/image\/","url":"http:\/\/www.arabische-schule-nour.ch\/wp-content\/uploads\/2018\/08\/arabische-schule-nour-header-logo-1270x100.png","contentUrl":"http:\/\/www.arabische-schule-nour.ch\/wp-content\/uploads\/2018\/08\/arabische-schule-nour-header-logo-1270x100.png","width":1270,"height":100,"caption":"www.arabische-schule-nour.ch"},"image":{"@id":"http:\/\/www.arabische-schule-nour.ch\/#\/schema\/logo\/image\/"}}]}},"post_mailing_queue_ids":[],"_links":{"self":[{"href":"http:\/\/www.arabische-schule-nour.ch\/index.php\/wp-json\/wp\/v2\/pages\/4507","targetHints":{"allow":["GET"]}}],"collection":[{"href":"http:\/\/www.arabische-schule-nour.ch\/index.php\/wp-json\/wp\/v2\/pages"}],"about":[{"href":"http:\/\/www.arabische-schule-nour.ch\/index.php\/wp-json\/wp\/v2\/types\/page"}],"author":[{"embeddable":true,"href":"http:\/\/www.arabische-schule-nour.ch\/index.php\/wp-json\/wp\/v2\/users\/1"}],"replies":[{"embeddable":true,"href":"http:\/\/www.arabische-schule-nour.ch\/index.php\/wp-json\/wp\/v2\/comments?post=4507"}],"version-history":[{"count":3,"href":"http:\/\/www.arabische-schule-nour.ch\/index.php\/wp-json\/wp\/v2\/pages\/4507\/revisions"}],"predecessor-version":[{"id":4822,"href":"http:\/\/www.arabische-schule-nour.ch\/index.php\/wp-json\/wp\/v2\/pages\/4507\/revisions\/4822"}],"wp:featuredmedia":[{"embeddable":true,"href":"http:\/\/www.arabische-schule-nour.ch\/index.php\/wp-json\/wp\/v2\/media\/4823"}],"wp:attachment":[{"href":"http:\/\/www.arabische-schule-nour.ch\/index.php\/wp-json\/wp\/v2\/media?parent=4507"}],"curies":[{"name":"wp","href":"https:\/\/api.w.org\/{rel}","templated":true}]}}