{"id":4524,"date":"2018-08-22T00:03:01","date_gmt":"2018-08-21T22:03:01","guid":{"rendered":"http:\/\/newweb.arabische-schule-nour.ch\/?page_id=4524"},"modified":"2026-04-14T04:39:38","modified_gmt":"2026-04-14T02:39:38","slug":"schule","status":"publish","type":"page","link":"https:\/\/www.arabische-schule-nour.ch\/index.php\/schule\/","title":{"rendered":"Schule"},"content":{"rendered":"<p>[vc_row][vc_column][vc_column_text]<\/p>\n<h4><span style=\"color: #ff6600;\">Seit vielen Jahren\u00a0<\/span><span style=\"color: #ff6600;\">f\u00fchrt die\u00a0<\/span><span style=\"color: #ff6600;\">Arabische Schule NOUR anerkannter HSK-Unterricht im Kanton Z\u00fcrich durch. Der Unterricht findet in den R\u00e4ume der Volksschule statt und wird vom Volksschulamt im Kanton Z\u00fcrich und der Schulkreisbeh\u00f6rden unterst\u00fctzt.<br \/>\n<\/span><\/h4>\n<p><span style=\"color: #ff6600;\">(HSK steht f\u00fcr: Heimatliche Sprache und Kultur).<\/span><\/p>\n<h4><span style=\"color: #ff6600;\"><a href=\"https:\/\/www.zh.ch\/de\/bildung\/schulen\/volksschule\/volksschule-ergaenzende-unterrichtsangebote\/heimatliche-sprache-und-kultur-hsk.html\" target=\"_blank\" rel=\"noopener\">Anerkannte HSK Schulen im Kanton Z\u00fcrich.<\/a><br \/>\n<\/span><\/h4>\n<h4><span style=\"color: #ff6600;\">Im HSK-Unterricht vertiefen Kinder in den Herkunftssprachen ihrer Familien die Kompetenzen im Sprechen und Verstehen, im Lesen und Schreiben. Sie erweitern ihre F\u00e4higkeit, sich je nach Situation in zwei oder mehreren Sprachen und unterschiedlichen Kulturen zu bewegen und andere Werte und Normen zu verstehen und zu respektieren.<\/span><\/h4>\n<h4><span style=\"color: #000000;\">In unserer Schule k\u00f6nnen Kinder, die Schulreife erreichtt haben angemeldet werden.<\/span><br \/>\n<span style=\"color: #000000;\"> Unsere erfahrene Lehrpersonen werden daf\u00fcr sorgen, dass Ihr Kind sich in unserer Schule wohlf\u00fcllt, den Einstieg leicht und Spass am Unterricht hat.<\/span><\/h4>\n<h4><span style=\"color: #ff6600;\"><strong>Unterrichtsstandorte<\/strong><\/span><br \/>\n<span style=\"color: #000000;\"> Der arabische HSK-Unterricht findet in Stadt Z\u00fcrich und Winterthur statt.<\/span><\/h4>\n<ul>\n<li>\n<h4><span style=\"color: #339966;\"><strong>Die Sch\u00fclerInnen des ersten Kindergarten bis zur sechsten Klasse werden im einem Schulhaus der Volksschule\u00a0 unterrichtet.<\/strong><\/span><\/h4>\n<\/li>\n<li>\n<h4><strong><span style=\"color: #008000;\">Die Sch\u00fclerInnen des ersten Kindergarten bis zur dritten Klasse werden in Winterthur unterrichtet.<\/span><\/strong><\/h4>\n<\/li>\n<\/ul>\n<h4><strong><span style=\"color: #ff6600;\">Unterrichtstage:<\/span><\/strong><br \/>\n<span style=\"color: #000000;\">Jeden Samstag (ausser Ferien und Feiertage).<\/span><br \/>\n<span style=\"color: #000000;\"><strong> Unterrichtszeiten<\/strong>:<\/span><br \/>\n<span style=\"color: #000000;\"> von 10:00 bis 13:30 Uhr<\/span><br \/>\n<span style=\"color: #000000;\"> von 09:45 bis 10:00 Uhr Auffangzeit.<\/span><\/h4>\n<h4><strong><span style=\"color: #ff6600;\">Lehermittel und Schulmaterial<\/span><\/strong><\/h4>\n<h5><span style=\"color: #000000;\">Die Arabische Schule NOUR k\u00fcmmert sich um den Einkauf der Lehrmittel.<\/span><\/h5>\n<h5><span style=\"color: #000000;\">Die Kosten der Lehermittel betragen pro Kind CHF 75.-<\/span><\/h5>\n<h5><span style=\"color: #ff0000;\">Wichtiger Hinweis:<\/span><br \/>\n<span style=\"color: #000000;\">Die Schule ist nicht gewinnorientiert, diese Einnahmen sind nur kostendeckend.<\/span><br \/>\n<span style=\"color: #000000;\">Die Finanzmitteln sind: Schulgeb\u00fchren und Spenden der Sponsoren<\/span><\/h5>\n<h5><span style=\"color: #000000;\">Die eingesetzten Schulb\u00fccher sind aus dem <a href=\"http:\/\/www.darelchimal.net\" target=\"_blank\" rel=\"noopener\">Libanesischen Verlag Dar El Chimal.<\/a><\/span><\/h5>\n<hr \/>\n<h4><strong><span style=\"color: #ff6600;\"> Schul- und Ferienplan f\u00fcr den Standort Z\u00fcrich<\/span><\/strong><\/h4>\n<h5><span style=\"color: #000000;\">Der Unterrich ist immer Samstag ausser Schulferien und Feiertage. Die Schulferien gem\u00e4ss Schulferienplan in der Stadt Z\u00fcrich.<\/span><br \/>\n<span style=\"color: #000000;\"><strong> Hier k\u00f6nnen Sie den Schulkalender<span style=\"color: #0000ff;\"><a style=\"color: #0000ff;\" href=\"https:\/\/www.arabische-schule-nour.ch\/wp-content\/uploads\/2025\/09\/Schulkalender-der-Arabischen-Schule-NOUR-Schuljahr-2025-2026-Zuerich.pdf\" target=\"_blank\" rel=\"noopener\"> als PDF zum Ausdrucken herunterladen<\/a>.<\/span><\/strong><\/span><\/h5>\n<h5><a href=\"https:\/\/www.arabische-schule-nour.ch\/wp-content\/uploads\/2025\/09\/Schulkalender-der-Arabischen-Schule-NOUR-Schuljahr-2025-2026-Zuerich.pdf\" target=\"_blank\" rel=\"noopener\"><strong>Download: <span style=\"color: #0000ff;\">Schulkalender der arabischen Schule NOUR, Schuljahr 2025\/2026 Z\u00fcrich<\/span><\/strong><\/a><\/h5>\n<h3><\/h3>\n<p><img fetchpriority=\"high\" decoding=\"async\" class=\"aligncenter size-full wp-image-10807\" src=\"http:\/\/www.arabische-schule-nour.ch\/wp-content\/uploads\/2025\/09\/Schulkalender-der-Arabischen-Schule-NOUR-Schuljahr-2025-2026-Zuerich.jpg\" alt=\"\" width=\"1074\" height=\"724\" srcset=\"https:\/\/www.arabische-schule-nour.ch\/wp-content\/uploads\/2025\/09\/Schulkalender-der-Arabischen-Schule-NOUR-Schuljahr-2025-2026-Zuerich.jpg 1074w, https:\/\/www.arabische-schule-nour.ch\/wp-content\/uploads\/2025\/09\/Schulkalender-der-Arabischen-Schule-NOUR-Schuljahr-2025-2026-Zuerich-300x202.jpg 300w, https:\/\/www.arabische-schule-nour.ch\/wp-content\/uploads\/2025\/09\/Schulkalender-der-Arabischen-Schule-NOUR-Schuljahr-2025-2026-Zuerich-768x518.jpg 768w, https:\/\/www.arabische-schule-nour.ch\/wp-content\/uploads\/2025\/09\/Schulkalender-der-Arabischen-Schule-NOUR-Schuljahr-2025-2026-Zuerich-1024x690.jpg 1024w, https:\/\/www.arabische-schule-nour.ch\/wp-content\/uploads\/2025\/09\/Schulkalender-der-Arabischen-Schule-NOUR-Schuljahr-2025-2026-Zuerich-82x55.jpg 82w, https:\/\/www.arabische-schule-nour.ch\/wp-content\/uploads\/2025\/09\/Schulkalender-der-Arabischen-Schule-NOUR-Schuljahr-2025-2026-Zuerich-947x638.jpg 947w, https:\/\/www.arabische-schule-nour.ch\/wp-content\/uploads\/2025\/09\/Schulkalender-der-Arabischen-Schule-NOUR-Schuljahr-2025-2026-Zuerich-624x421.jpg 624w, https:\/\/www.arabische-schule-nour.ch\/wp-content\/uploads\/2025\/09\/Schulkalender-der-Arabischen-Schule-NOUR-Schuljahr-2025-2026-Zuerich-84x56.jpg 84w\" sizes=\"(max-width: 1074px) 100vw, 1074px\" \/><\/p>\n<hr \/>\n<h3><span style=\"color: #339966;\"><strong>Schul- und Ferienplan f\u00fcr den Standort Winterthur<\/strong><\/span><\/h3>\n<h5><strong><a href=\"http:\/\/www.arabische-schule-nour.ch\/wp-content\/uploads\/2025\/07\/Schulkalender-der-Arabischen-Schule-NOUR-Schuljahr-2025-2026-Opfikon-Zuerich.pdf\" target=\"_blank\" rel=\"noopener\">Download:<\/a><\/strong>\u00a0<a href=\"https:\/\/www.arabische-schule-nour.ch\/wp-content\/uploads\/2025\/07\/Schulkalender-der-Arabischen-Schule-NOUR-Schuljahr-2025-2026-Winterthur.pdf\" target=\"_blank\" rel=\"noopener\">Schulkalender der Arabischen Schule NOUR Schuljahr 2025\/2026,Winterthur<\/a><\/h5>\n<p><span style=\"color: #ff6600;\"><strong><img decoding=\"async\" class=\"aligncenter size-full wp-image-10700\" src=\"http:\/\/www.arabische-schule-nour.ch\/wp-content\/uploads\/2025\/07\/Schulkalender-der-Arabischen-Schule-NOUR-Schuljahr-2025-2026-Winterthur.jpg\" alt=\"\" width=\"1151\" height=\"750\" srcset=\"https:\/\/www.arabische-schule-nour.ch\/wp-content\/uploads\/2025\/07\/Schulkalender-der-Arabischen-Schule-NOUR-Schuljahr-2025-2026-Winterthur.jpg 1151w, https:\/\/www.arabische-schule-nour.ch\/wp-content\/uploads\/2025\/07\/Schulkalender-der-Arabischen-Schule-NOUR-Schuljahr-2025-2026-Winterthur-300x195.jpg 300w, https:\/\/www.arabische-schule-nour.ch\/wp-content\/uploads\/2025\/07\/Schulkalender-der-Arabischen-Schule-NOUR-Schuljahr-2025-2026-Winterthur-768x500.jpg 768w, https:\/\/www.arabische-schule-nour.ch\/wp-content\/uploads\/2025\/07\/Schulkalender-der-Arabischen-Schule-NOUR-Schuljahr-2025-2026-Winterthur-1024x667.jpg 1024w, https:\/\/www.arabische-schule-nour.ch\/wp-content\/uploads\/2025\/07\/Schulkalender-der-Arabischen-Schule-NOUR-Schuljahr-2025-2026-Winterthur-84x56.jpg 84w, https:\/\/www.arabische-schule-nour.ch\/wp-content\/uploads\/2025\/07\/Schulkalender-der-Arabischen-Schule-NOUR-Schuljahr-2025-2026-Winterthur-947x617.jpg 947w, https:\/\/www.arabische-schule-nour.ch\/wp-content\/uploads\/2025\/07\/Schulkalender-der-Arabischen-Schule-NOUR-Schuljahr-2025-2026-Winterthur-624x407.jpg 624w\" sizes=\"(max-width: 1151px) 100vw, 1151px\" \/><\/strong><\/span><\/p>\n<hr \/>\n<p><span style=\"color: #ff6600;\"><strong>Rahmenlehrplan<\/strong><\/span><\/p>\n<h5><span style=\"color: #000000;\">In unserem Rahmenlehrplan orientieren wir uns an den HSK-Rahmenlehrplan der Bildungsdirektion im Konton Z\u00fcrich.<\/span><\/h5>\n<p>[\/vc_column_text][\/vc_column][\/vc_row]<\/p>\n","protected":false},"excerpt":{"rendered":"<p>[vc_row][vc_column][vc_column_text] Seit vielen Jahren\u00a0f\u00fchrt die\u00a0Arabische Schule NOUR anerkannter HSK-Unterricht im Kanton Z\u00fcrich durch. Der Unterricht findet in den R\u00e4ume der Volksschule statt und wird vom Volksschulamt im Kanton Z\u00fcrich und &hellip; <\/p>\n","protected":false},"author":1,"featured_media":4888,"parent":0,"menu_order":1,"comment_status":"closed","ping_status":"closed","template":"template-fullwidth.php","meta":{"footnotes":""},"class_list":["post-4524","page","type-page","status-publish","has-post-thumbnail","hentry"],"yoast_head":"<!-- This site is optimized with the Yoast SEO plugin v27.3 - https:\/\/yoast.com\/product\/yoast-seo-wordpress\/ -->\n<title>Schule - www.arabische-schule-nour.ch<\/title>\n<meta name=\"description\" content=\"Die arabische Schule NOUR ist eine anerkannte Schule f\u00fcr HSK-Unterricht in Arabischer Sprache im Kanton Z\u00fcrich. \u0645\u062f\u0631\u0633\u0629 \u0646\u0648\u0631 \u0644\u062a\u0639\u0644\u064a\u0645 \u0627\u0644\u0644\u063a\u0629 \u0627\u0644\u0639\u0631\u0628\u064a\u0629 \u0641\u064a \u0632\u0648\u0631\u064a\u062e - \u0633\u0648\u064a\u0633\u0631\u0627\" \/>\n<meta name=\"robots\" content=\"index, follow, max-snippet:-1, max-image-preview:large, max-video-preview:-1\" \/>\n<link rel=\"canonical\" href=\"http:\/\/www.arabische-schule-nour.ch\/index.php\/schule\/\" \/>\n<meta property=\"og:locale\" content=\"de_DE\" \/>\n<meta property=\"og:type\" content=\"article\" \/>\n<meta property=\"og:title\" content=\"Schule - www.arabische-schule-nour.ch\" \/>\n<meta property=\"og:description\" content=\"Die arabische Schule NOUR ist eine anerkannte Schule f\u00fcr HSK-Unterricht in Arabischer Sprache im Kanton Z\u00fcrich. \u0645\u062f\u0631\u0633\u0629 \u0646\u0648\u0631 \u0644\u062a\u0639\u0644\u064a\u0645 \u0627\u0644\u0644\u063a\u0629 \u0627\u0644\u0639\u0631\u0628\u064a\u0629 \u0641\u064a \u0632\u0648\u0631\u064a\u062e - \u0633\u0648\u064a\u0633\u0631\u0627\" \/>\n<meta property=\"og:url\" content=\"http:\/\/www.arabische-schule-nour.ch\/index.php\/schule\/\" \/>\n<meta property=\"og:site_name\" content=\"www.arabische-schule-nour.ch\" \/>\n<meta property=\"article:modified_time\" content=\"2026-04-14T02:39:38+00:00\" \/>\n<meta property=\"og:image\" content=\"http:\/\/www.arabische-schule-nour.ch\/wp-content\/uploads\/2018\/10\/Arabische-Schule-NOUR-in-Zurich-Switzerland-1270x500px-PIC0252.jpg\" \/>\n\t<meta property=\"og:image:width\" content=\"1270\" \/>\n\t<meta property=\"og:image:height\" content=\"500\" \/>\n\t<meta property=\"og:image:type\" content=\"image\/jpeg\" \/>\n<meta name=\"twitter:card\" content=\"summary_large_image\" \/>\n<meta name=\"twitter:label1\" content=\"Gesch\u00e4tzte Lesezeit\" \/>\n\t<meta name=\"twitter:data1\" content=\"3\u00a0Minuten\" \/>\n<script type=\"application\/ld+json\" class=\"yoast-schema-graph\">{\"@context\":\"https:\\\/\\\/schema.org\",\"@graph\":[{\"@type\":\"WebPage\",\"@id\":\"http:\\\/\\\/www.arabische-schule-nour.ch\\\/index.php\\\/schule\\\/\",\"url\":\"http:\\\/\\\/www.arabische-schule-nour.ch\\\/index.php\\\/schule\\\/\",\"name\":\"Schule - www.arabische-schule-nour.ch\",\"isPartOf\":{\"@id\":\"https:\\\/\\\/www.arabische-schule-nour.ch\\\/#website\"},\"primaryImageOfPage\":{\"@id\":\"http:\\\/\\\/www.arabische-schule-nour.ch\\\/index.php\\\/schule\\\/#primaryimage\"},\"image\":{\"@id\":\"http:\\\/\\\/www.arabische-schule-nour.ch\\\/index.php\\\/schule\\\/#primaryimage\"},\"thumbnailUrl\":\"https:\\\/\\\/www.arabische-schule-nour.ch\\\/wp-content\\\/uploads\\\/2018\\\/10\\\/Arabische-Schule-NOUR-in-Zurich-Switzerland-1270x500px-PIC0252.jpg\",\"datePublished\":\"2018-08-21T22:03:01+00:00\",\"dateModified\":\"2026-04-14T02:39:38+00:00\",\"description\":\"Die arabische Schule NOUR ist eine anerkannte Schule f\u00fcr HSK-Unterricht in Arabischer Sprache im Kanton Z\u00fcrich. \u0645\u062f\u0631\u0633\u0629 \u0646\u0648\u0631 \u0644\u062a\u0639\u0644\u064a\u0645 \u0627\u0644\u0644\u063a\u0629 \u0627\u0644\u0639\u0631\u0628\u064a\u0629 \u0641\u064a \u0632\u0648\u0631\u064a\u062e - \u0633\u0648\u064a\u0633\u0631\u0627\",\"breadcrumb\":{\"@id\":\"http:\\\/\\\/www.arabische-schule-nour.ch\\\/index.php\\\/schule\\\/#breadcrumb\"},\"inLanguage\":\"de-CH\",\"potentialAction\":[{\"@type\":\"ReadAction\",\"target\":[\"http:\\\/\\\/www.arabische-schule-nour.ch\\\/index.php\\\/schule\\\/\"]}]},{\"@type\":\"ImageObject\",\"inLanguage\":\"de-CH\",\"@id\":\"http:\\\/\\\/www.arabische-schule-nour.ch\\\/index.php\\\/schule\\\/#primaryimage\",\"url\":\"https:\\\/\\\/www.arabische-schule-nour.ch\\\/wp-content\\\/uploads\\\/2018\\\/10\\\/Arabische-Schule-NOUR-in-Zurich-Switzerland-1270x500px-PIC0252.jpg\",\"contentUrl\":\"https:\\\/\\\/www.arabische-schule-nour.ch\\\/wp-content\\\/uploads\\\/2018\\\/10\\\/Arabische-Schule-NOUR-in-Zurich-Switzerland-1270x500px-PIC0252.jpg\",\"width\":1270,\"height\":500,\"caption\":\"Arabische Schule NOUR in Zurich Switzerland; \u0645\u062f\u0631\u0633\u0629 \u0646\u0648\u0631 \u0644\u062a\u0639\u0644\u064a\u0645 \u0627\u0644\u0644\u063a\u0629 \u0627\u0644\u0639\u0631\u0628\u064a\u0629 \u0641\u064a \u0632\u0648\u0631\u064a\u062e - \u0633\u0648\u064a\u0633\u0631\u0627\"},{\"@type\":\"BreadcrumbList\",\"@id\":\"http:\\\/\\\/www.arabische-schule-nour.ch\\\/index.php\\\/schule\\\/#breadcrumb\",\"itemListElement\":[{\"@type\":\"ListItem\",\"position\":1,\"name\":\"Home\",\"item\":\"https:\\\/\\\/www.arabische-schule-nour.ch\\\/\"},{\"@type\":\"ListItem\",\"position\":2,\"name\":\"Schule\"}]},{\"@type\":\"WebSite\",\"@id\":\"https:\\\/\\\/www.arabische-schule-nour.ch\\\/#website\",\"url\":\"https:\\\/\\\/www.arabische-schule-nour.ch\\\/\",\"name\":\"www.arabische-schule-nour.ch\",\"description\":\"\",\"potentialAction\":[{\"@type\":\"SearchAction\",\"target\":{\"@type\":\"EntryPoint\",\"urlTemplate\":\"https:\\\/\\\/www.arabische-schule-nour.ch\\\/?s={search_term_string}\"},\"query-input\":{\"@type\":\"PropertyValueSpecification\",\"valueRequired\":true,\"valueName\":\"search_term_string\"}}],\"inLanguage\":\"de-CH\"}]}<\/script>\n<!-- \/ Yoast SEO plugin. -->","yoast_head_json":{"title":"Schule - www.arabische-schule-nour.ch","description":"Die arabische Schule NOUR ist eine anerkannte Schule f\u00fcr HSK-Unterricht in Arabischer Sprache im Kanton Z\u00fcrich. \u0645\u062f\u0631\u0633\u0629 \u0646\u0648\u0631 \u0644\u062a\u0639\u0644\u064a\u0645 \u0627\u0644\u0644\u063a\u0629 \u0627\u0644\u0639\u0631\u0628\u064a\u0629 \u0641\u064a \u0632\u0648\u0631\u064a\u062e - \u0633\u0648\u064a\u0633\u0631\u0627","robots":{"index":"index","follow":"follow","max-snippet":"max-snippet:-1","max-image-preview":"max-image-preview:large","max-video-preview":"max-video-preview:-1"},"canonical":"http:\/\/www.arabische-schule-nour.ch\/index.php\/schule\/","og_locale":"de_DE","og_type":"article","og_title":"Schule - www.arabische-schule-nour.ch","og_description":"Die arabische Schule NOUR ist eine anerkannte Schule f\u00fcr HSK-Unterricht in Arabischer Sprache im Kanton Z\u00fcrich. \u0645\u062f\u0631\u0633\u0629 \u0646\u0648\u0631 \u0644\u062a\u0639\u0644\u064a\u0645 \u0627\u0644\u0644\u063a\u0629 \u0627\u0644\u0639\u0631\u0628\u064a\u0629 \u0641\u064a \u0632\u0648\u0631\u064a\u062e - \u0633\u0648\u064a\u0633\u0631\u0627","og_url":"http:\/\/www.arabische-schule-nour.ch\/index.php\/schule\/","og_site_name":"www.arabische-schule-nour.ch","article_modified_time":"2026-04-14T02:39:38+00:00","og_image":[{"width":1270,"height":500,"url":"http:\/\/www.arabische-schule-nour.ch\/wp-content\/uploads\/2018\/10\/Arabische-Schule-NOUR-in-Zurich-Switzerland-1270x500px-PIC0252.jpg","type":"image\/jpeg"}],"twitter_card":"summary_large_image","twitter_misc":{"Gesch\u00e4tzte Lesezeit":"3\u00a0Minuten"},"schema":{"@context":"https:\/\/schema.org","@graph":[{"@type":"WebPage","@id":"http:\/\/www.arabische-schule-nour.ch\/index.php\/schule\/","url":"http:\/\/www.arabische-schule-nour.ch\/index.php\/schule\/","name":"Schule - www.arabische-schule-nour.ch","isPartOf":{"@id":"https:\/\/www.arabische-schule-nour.ch\/#website"},"primaryImageOfPage":{"@id":"http:\/\/www.arabische-schule-nour.ch\/index.php\/schule\/#primaryimage"},"image":{"@id":"http:\/\/www.arabische-schule-nour.ch\/index.php\/schule\/#primaryimage"},"thumbnailUrl":"https:\/\/www.arabische-schule-nour.ch\/wp-content\/uploads\/2018\/10\/Arabische-Schule-NOUR-in-Zurich-Switzerland-1270x500px-PIC0252.jpg","datePublished":"2018-08-21T22:03:01+00:00","dateModified":"2026-04-14T02:39:38+00:00","description":"Die arabische Schule NOUR ist eine anerkannte Schule f\u00fcr HSK-Unterricht in Arabischer Sprache im Kanton Z\u00fcrich. \u0645\u062f\u0631\u0633\u0629 \u0646\u0648\u0631 \u0644\u062a\u0639\u0644\u064a\u0645 \u0627\u0644\u0644\u063a\u0629 \u0627\u0644\u0639\u0631\u0628\u064a\u0629 \u0641\u064a \u0632\u0648\u0631\u064a\u062e - \u0633\u0648\u064a\u0633\u0631\u0627","breadcrumb":{"@id":"http:\/\/www.arabische-schule-nour.ch\/index.php\/schule\/#breadcrumb"},"inLanguage":"de-CH","potentialAction":[{"@type":"ReadAction","target":["http:\/\/www.arabische-schule-nour.ch\/index.php\/schule\/"]}]},{"@type":"ImageObject","inLanguage":"de-CH","@id":"http:\/\/www.arabische-schule-nour.ch\/index.php\/schule\/#primaryimage","url":"https:\/\/www.arabische-schule-nour.ch\/wp-content\/uploads\/2018\/10\/Arabische-Schule-NOUR-in-Zurich-Switzerland-1270x500px-PIC0252.jpg","contentUrl":"https:\/\/www.arabische-schule-nour.ch\/wp-content\/uploads\/2018\/10\/Arabische-Schule-NOUR-in-Zurich-Switzerland-1270x500px-PIC0252.jpg","width":1270,"height":500,"caption":"Arabische Schule NOUR in Zurich Switzerland; \u0645\u062f\u0631\u0633\u0629 \u0646\u0648\u0631 \u0644\u062a\u0639\u0644\u064a\u0645 \u0627\u0644\u0644\u063a\u0629 \u0627\u0644\u0639\u0631\u0628\u064a\u0629 \u0641\u064a \u0632\u0648\u0631\u064a\u062e - \u0633\u0648\u064a\u0633\u0631\u0627"},{"@type":"BreadcrumbList","@id":"http:\/\/www.arabische-schule-nour.ch\/index.php\/schule\/#breadcrumb","itemListElement":[{"@type":"ListItem","position":1,"name":"Home","item":"https:\/\/www.arabische-schule-nour.ch\/"},{"@type":"ListItem","position":2,"name":"Schule"}]},{"@type":"WebSite","@id":"https:\/\/www.arabische-schule-nour.ch\/#website","url":"https:\/\/www.arabische-schule-nour.ch\/","name":"www.arabische-schule-nour.ch","description":"","potentialAction":[{"@type":"SearchAction","target":{"@type":"EntryPoint","urlTemplate":"https:\/\/www.arabische-schule-nour.ch\/?s={search_term_string}"},"query-input":{"@type":"PropertyValueSpecification","valueRequired":true,"valueName":"search_term_string"}}],"inLanguage":"de-CH"}]}},"post_mailing_queue_ids":[],"_links":{"self":[{"href":"https:\/\/www.arabische-schule-nour.ch\/index.php\/wp-json\/wp\/v2\/pages\/4524","targetHints":{"allow":["GET"]}}],"collection":[{"href":"https:\/\/www.arabische-schule-nour.ch\/index.php\/wp-json\/wp\/v2\/pages"}],"about":[{"href":"https:\/\/www.arabische-schule-nour.ch\/index.php\/wp-json\/wp\/v2\/types\/page"}],"author":[{"embeddable":true,"href":"https:\/\/www.arabische-schule-nour.ch\/index.php\/wp-json\/wp\/v2\/users\/1"}],"replies":[{"embeddable":true,"href":"https:\/\/www.arabische-schule-nour.ch\/index.php\/wp-json\/wp\/v2\/comments?post=4524"}],"version-history":[{"count":53,"href":"https:\/\/www.arabische-schule-nour.ch\/index.php\/wp-json\/wp\/v2\/pages\/4524\/revisions"}],"predecessor-version":[{"id":10888,"href":"https:\/\/www.arabische-schule-nour.ch\/index.php\/wp-json\/wp\/v2\/pages\/4524\/revisions\/10888"}],"wp:featuredmedia":[{"embeddable":true,"href":"https:\/\/www.arabische-schule-nour.ch\/index.php\/wp-json\/wp\/v2\/media\/4888"}],"wp:attachment":[{"href":"https:\/\/www.arabische-schule-nour.ch\/index.php\/wp-json\/wp\/v2\/media?parent=4524"}],"curies":[{"name":"wp","href":"https:\/\/api.w.org\/{rel}","templated":true}]}}