{"id":4578,"date":"2018-01-08T01:27:32","date_gmt":"2018-01-08T00:27:32","guid":{"rendered":"http:\/\/newweb.arabische-schule-nour.ch\/?page_id=4578"},"modified":"2019-01-19T01:00:15","modified_gmt":"2019-01-19T00:00:15","slug":"about","status":"publish","type":"page","link":"https:\/\/www.arabische-schule-nour.ch\/index.php\/about\/","title":{"rendered":"\u00dcber uns"},"content":{"rendered":"<p>[vc_row][vc_column][vc_column_text]<\/p>\n<h4>Lieber Besucher.<\/h4>\n<h4><strong>Die Arabische Schule NOUR<\/strong> ist eine Schule f\u00fcr HSK-Unterricht in Arabischer Sprache im Kanton Z\u00fcrich.<br \/>\nIm HSK-Unterricht vertiefen Kinder in den Herkunftssprachen ihrer Familien die Kompetenzen im Sprechen und Verstehen, im Lesen und Schreiben. Sie erweitern ihre F\u00e4higkeit, sich je nach Situation in zwei oder mehreren Sprachen und unterschiedlichen Kulturen zu bewegen und andere Werte und Normen zu verstehen und zu respektieren.<br \/>\nUnsere Schule wird von Schulkindern besucht, die Ihre Eltern (oder ein Elternteil) aus vielen arabischen L\u00e4ndern abstammen, darunter sind: \u00c4gypten, Jordanien, Irak, Libanon, Syrien, Marokko, Libyen, Algerien und Tunesien etc\u2026<br \/>\nDie Arabische Schule NOUR wurde im Jahre 2001 in Z\u00fcrich gegr\u00fcndet.<br \/>\nDamals schon haben die Gr\u00fcnder der Schule das Bed\u00fcrfnis der Eltern aus den arabisch sprechenden L\u00e4ndern am Unterricht in ihrer heimatlichen Sprache erkannt. So gr\u00fcndeten sie diese Schule.<br \/>\nUnsere Schule vermittelt die Arabische Sprache und Kultur an Schulkinder im Alter von 5 bis 16 Jahren.<br \/>\nDie Arabische Schule NOUR ist politisch und konfessionell neutral und unabh\u00e4ngig; offen f\u00fcr alle interessierten Familien aus allen Sprachgruppen und Kulturen.<\/h4>\n<h4><\/h4>\n<p>[\/vc_column_text][\/vc_column][\/vc_row]<\/p>\n","protected":false},"excerpt":{"rendered":"<p>[vc_row][vc_column][vc_column_text] Lieber Besucher. Die Arabische Schule NOUR ist eine Schule f\u00fcr HSK-Unterricht in Arabischer Sprache im Kanton Z\u00fcrich. Im HSK-Unterricht vertiefen Kinder in den Herkunftssprachen ihrer Familien die Kompetenzen im &hellip; <\/p>\n","protected":false},"author":1,"featured_media":0,"parent":0,"menu_order":0,"comment_status":"closed","ping_status":"closed","template":"template-noleft.php","meta":{"footnotes":""},"class_list":["post-4578","page","type-page","status-publish","hentry"],"yoast_head":"<!-- This site is optimized with the Yoast SEO plugin v27.3 - https:\/\/yoast.com\/product\/yoast-seo-wordpress\/ -->\n<title>\u00dcber uns - www.arabische-schule-nour.ch<\/title>\n<meta name=\"robots\" content=\"index, follow, max-snippet:-1, max-image-preview:large, max-video-preview:-1\" \/>\n<link rel=\"canonical\" href=\"http:\/\/www.arabische-schule-nour.ch\/index.php\/about\/\" \/>\n<meta property=\"og:locale\" content=\"de_DE\" \/>\n<meta property=\"og:type\" content=\"article\" \/>\n<meta property=\"og:title\" content=\"\u00dcber uns - www.arabische-schule-nour.ch\" \/>\n<meta property=\"og:description\" content=\"[vc_row][vc_column][vc_column_text] Lieber Besucher. Die Arabische Schule NOUR ist eine Schule f\u00fcr HSK-Unterricht in Arabischer Sprache im Kanton Z\u00fcrich. Im HSK-Unterricht vertiefen Kinder in den Herkunftssprachen ihrer Familien die Kompetenzen im &hellip;\" \/>\n<meta property=\"og:url\" content=\"http:\/\/www.arabische-schule-nour.ch\/index.php\/about\/\" \/>\n<meta property=\"og:site_name\" content=\"www.arabische-schule-nour.ch\" \/>\n<meta property=\"article:modified_time\" content=\"2019-01-19T00:00:15+00:00\" \/>\n<meta name=\"twitter:card\" content=\"summary_large_image\" \/>\n<meta name=\"twitter:label1\" content=\"Gesch\u00e4tzte Lesezeit\" \/>\n\t<meta name=\"twitter:data1\" content=\"1\u00a0Minute\" \/>\n<script type=\"application\/ld+json\" class=\"yoast-schema-graph\">{\"@context\":\"https:\\\/\\\/schema.org\",\"@graph\":[{\"@type\":\"WebPage\",\"@id\":\"http:\\\/\\\/www.arabische-schule-nour.ch\\\/index.php\\\/about\\\/\",\"url\":\"http:\\\/\\\/www.arabische-schule-nour.ch\\\/index.php\\\/about\\\/\",\"name\":\"\u00dcber uns - www.arabische-schule-nour.ch\",\"isPartOf\":{\"@id\":\"https:\\\/\\\/www.arabische-schule-nour.ch\\\/#website\"},\"datePublished\":\"2018-01-08T00:27:32+00:00\",\"dateModified\":\"2019-01-19T00:00:15+00:00\",\"breadcrumb\":{\"@id\":\"http:\\\/\\\/www.arabische-schule-nour.ch\\\/index.php\\\/about\\\/#breadcrumb\"},\"inLanguage\":\"de-CH\",\"potentialAction\":[{\"@type\":\"ReadAction\",\"target\":[\"http:\\\/\\\/www.arabische-schule-nour.ch\\\/index.php\\\/about\\\/\"]}]},{\"@type\":\"BreadcrumbList\",\"@id\":\"http:\\\/\\\/www.arabische-schule-nour.ch\\\/index.php\\\/about\\\/#breadcrumb\",\"itemListElement\":[{\"@type\":\"ListItem\",\"position\":1,\"name\":\"Home\",\"item\":\"https:\\\/\\\/www.arabische-schule-nour.ch\\\/\"},{\"@type\":\"ListItem\",\"position\":2,\"name\":\"\u00dcber uns\"}]},{\"@type\":\"WebSite\",\"@id\":\"https:\\\/\\\/www.arabische-schule-nour.ch\\\/#website\",\"url\":\"https:\\\/\\\/www.arabische-schule-nour.ch\\\/\",\"name\":\"www.arabische-schule-nour.ch\",\"description\":\"\",\"potentialAction\":[{\"@type\":\"SearchAction\",\"target\":{\"@type\":\"EntryPoint\",\"urlTemplate\":\"https:\\\/\\\/www.arabische-schule-nour.ch\\\/?s={search_term_string}\"},\"query-input\":{\"@type\":\"PropertyValueSpecification\",\"valueRequired\":true,\"valueName\":\"search_term_string\"}}],\"inLanguage\":\"de-CH\"}]}<\/script>\n<!-- \/ Yoast SEO plugin. -->","yoast_head_json":{"title":"\u00dcber uns - www.arabische-schule-nour.ch","robots":{"index":"index","follow":"follow","max-snippet":"max-snippet:-1","max-image-preview":"max-image-preview:large","max-video-preview":"max-video-preview:-1"},"canonical":"http:\/\/www.arabische-schule-nour.ch\/index.php\/about\/","og_locale":"de_DE","og_type":"article","og_title":"\u00dcber uns - www.arabische-schule-nour.ch","og_description":"[vc_row][vc_column][vc_column_text] Lieber Besucher. Die Arabische Schule NOUR ist eine Schule f\u00fcr HSK-Unterricht in Arabischer Sprache im Kanton Z\u00fcrich. Im HSK-Unterricht vertiefen Kinder in den Herkunftssprachen ihrer Familien die Kompetenzen im &hellip;","og_url":"http:\/\/www.arabische-schule-nour.ch\/index.php\/about\/","og_site_name":"www.arabische-schule-nour.ch","article_modified_time":"2019-01-19T00:00:15+00:00","twitter_card":"summary_large_image","twitter_misc":{"Gesch\u00e4tzte Lesezeit":"1\u00a0Minute"},"schema":{"@context":"https:\/\/schema.org","@graph":[{"@type":"WebPage","@id":"http:\/\/www.arabische-schule-nour.ch\/index.php\/about\/","url":"http:\/\/www.arabische-schule-nour.ch\/index.php\/about\/","name":"\u00dcber uns - www.arabische-schule-nour.ch","isPartOf":{"@id":"https:\/\/www.arabische-schule-nour.ch\/#website"},"datePublished":"2018-01-08T00:27:32+00:00","dateModified":"2019-01-19T00:00:15+00:00","breadcrumb":{"@id":"http:\/\/www.arabische-schule-nour.ch\/index.php\/about\/#breadcrumb"},"inLanguage":"de-CH","potentialAction":[{"@type":"ReadAction","target":["http:\/\/www.arabische-schule-nour.ch\/index.php\/about\/"]}]},{"@type":"BreadcrumbList","@id":"http:\/\/www.arabische-schule-nour.ch\/index.php\/about\/#breadcrumb","itemListElement":[{"@type":"ListItem","position":1,"name":"Home","item":"https:\/\/www.arabische-schule-nour.ch\/"},{"@type":"ListItem","position":2,"name":"\u00dcber uns"}]},{"@type":"WebSite","@id":"https:\/\/www.arabische-schule-nour.ch\/#website","url":"https:\/\/www.arabische-schule-nour.ch\/","name":"www.arabische-schule-nour.ch","description":"","potentialAction":[{"@type":"SearchAction","target":{"@type":"EntryPoint","urlTemplate":"https:\/\/www.arabische-schule-nour.ch\/?s={search_term_string}"},"query-input":{"@type":"PropertyValueSpecification","valueRequired":true,"valueName":"search_term_string"}}],"inLanguage":"de-CH"}]}},"post_mailing_queue_ids":[],"_links":{"self":[{"href":"https:\/\/www.arabische-schule-nour.ch\/index.php\/wp-json\/wp\/v2\/pages\/4578","targetHints":{"allow":["GET"]}}],"collection":[{"href":"https:\/\/www.arabische-schule-nour.ch\/index.php\/wp-json\/wp\/v2\/pages"}],"about":[{"href":"https:\/\/www.arabische-schule-nour.ch\/index.php\/wp-json\/wp\/v2\/types\/page"}],"author":[{"embeddable":true,"href":"https:\/\/www.arabische-schule-nour.ch\/index.php\/wp-json\/wp\/v2\/users\/1"}],"replies":[{"embeddable":true,"href":"https:\/\/www.arabische-schule-nour.ch\/index.php\/wp-json\/wp\/v2\/comments?post=4578"}],"version-history":[{"count":8,"href":"https:\/\/www.arabische-schule-nour.ch\/index.php\/wp-json\/wp\/v2\/pages\/4578\/revisions"}],"predecessor-version":[{"id":5014,"href":"https:\/\/www.arabische-schule-nour.ch\/index.php\/wp-json\/wp\/v2\/pages\/4578\/revisions\/5014"}],"wp:attachment":[{"href":"https:\/\/www.arabische-schule-nour.ch\/index.php\/wp-json\/wp\/v2\/media?parent=4578"}],"curies":[{"name":"wp","href":"https:\/\/api.w.org\/{rel}","templated":true}]}}