{"id":4721,"date":"2018-08-21T01:28:16","date_gmt":"2018-08-20T23:28:16","guid":{"rendered":"http:\/\/newweb.arabische-schule-nour.ch\/?page_id=4721"},"modified":"2025-09-11T14:59:44","modified_gmt":"2025-09-11T12:59:44","slug":"standorte","status":"publish","type":"page","link":"https:\/\/www.arabische-schule-nour.ch\/index.php\/schule\/standorte\/","title":{"rendered":"Unsere Standorte:  Z\u00fcrich und Winterthur"},"content":{"rendered":"<p>[vc_row][vc_column][vc_column_text][\/vc_column_text][vc_column_text]<\/p>\n<h1>1- Stadt Z\u00fcrich<\/h1>\n<h3>An unserem Haupstandort in Z\u00fcrich <span style=\"color: #3366ff;\">werden die Sch\u00fcler der 1.+ 2. KG und der ersten bis sechsten Klassen unterrichtet.<\/span><\/h3>\n<h3><img fetchpriority=\"high\" decoding=\"async\" class=\"aligncenter size-full wp-image-9470\" src=\"http:\/\/www.arabische-schule-nour.ch\/wp-content\/uploads\/2024\/01\/Schulhaus-Buchwiesen.jpg\" alt=\"\" width=\"1017\" height=\"418\" srcset=\"https:\/\/www.arabische-schule-nour.ch\/wp-content\/uploads\/2024\/01\/Schulhaus-Buchwiesen.jpg 1017w, https:\/\/www.arabische-schule-nour.ch\/wp-content\/uploads\/2024\/01\/Schulhaus-Buchwiesen-300x123.jpg 300w, https:\/\/www.arabische-schule-nour.ch\/wp-content\/uploads\/2024\/01\/Schulhaus-Buchwiesen-768x316.jpg 768w, https:\/\/www.arabische-schule-nour.ch\/wp-content\/uploads\/2024\/01\/Schulhaus-Buchwiesen-134x55.jpg 134w, https:\/\/www.arabische-schule-nour.ch\/wp-content\/uploads\/2024\/01\/Schulhaus-Buchwiesen-947x389.jpg 947w, https:\/\/www.arabische-schule-nour.ch\/wp-content\/uploads\/2024\/01\/Schulhaus-Buchwiesen-624x256.jpg 624w, https:\/\/www.arabische-schule-nour.ch\/wp-content\/uploads\/2024\/01\/Schulhaus-Buchwiesen-600x247.jpg 600w\" sizes=\"(max-width: 1017px) 100vw, 1017px\" \/><\/h3>\n<p>[\/vc_column_text][vc_gmaps link=&#187;#E-8_JTNDaWZyYW1lJTIwc3JjJTNEJTIyaHR0cHMlM0ElMkYlMkZ3d3cuZ29vZ2xlLmNvbSUyRm1hcHMlMkZlbWJlZCUzRnBiJTNEJTIxMW0xOCUyMTFtMTIlMjExbTMlMjExZDE3MjkxMy41NTQ0MzY0OTMyMyUyMTJkOC4zNzE5Mjg1Njg3NzIwMjclMjEzZDQ3LjM3NzMyMzY0NDA1Mjc3JTIxMm0zJTIxMWYwJTIxMmYwJTIxM2YwJTIxM20yJTIxMWkxMDI0JTIxMmk3NjglMjE0ZjEzLjElMjEzbTMlMjExbTIlMjExczB4NDc5MDBiOTc0OWJlYTIxOSUyNTNBMHhlNjZlOGRmMWU3MWZkYzAzJTIxMnpXc084Y21samFBJTIxNWUwJTIxM20yJTIxMXNkZSUyMTJzY2glMjE0djE3NTc1OTI2NDgyNzYlMjE1bTIlMjExc2RlJTIxMnNjaCUyMiUyMHdpZHRoJTNEJTIyMTAwJTI1JTIyJTIwaGVpZ2h0JTNEJTIyNDUwJTIyJTIwc3R5bGUlM0QlMjJib3JkZXIlM0EwJTNCJTIyJTIwYWxsb3dmdWxsc2NyZWVuJTNEJTIyJTIyJTIwbG9hZGluZyUzRCUyMmxhenklMjIlMjByZWZlcnJlcnBvbGljeSUzRCUyMm5vLXJlZmVycmVyLXdoZW4tZG93bmdyYWRlJTIyJTNFJTNDJTJGaWZyYW1lJTNF&#187;][vc_column_text]<\/p>\n<h1>2- Standort Winterthur<\/h1>\n<h3>Am neuen Standort in Winterthur unterrichten wir\u00a0<span style=\"color: #3366ff;\">die kleinen im Kindergarten 1 &amp; 2 und auch die Sch\u00fcler der ersten bis dritten Klasse.<\/span><\/h3>\n<p>&nbsp;<\/p>\n<p><img decoding=\"async\" class=\"aligncenter size-full wp-image-9471\" src=\"http:\/\/www.arabische-schule-nour.ch\/wp-content\/uploads\/2024\/01\/Schulhaus-Lindberg-2.jpg\" alt=\"\" width=\"1017\" height=\"969\" srcset=\"https:\/\/www.arabische-schule-nour.ch\/wp-content\/uploads\/2024\/01\/Schulhaus-Lindberg-2.jpg 1017w, https:\/\/www.arabische-schule-nour.ch\/wp-content\/uploads\/2024\/01\/Schulhaus-Lindberg-2-300x286.jpg 300w, https:\/\/www.arabische-schule-nour.ch\/wp-content\/uploads\/2024\/01\/Schulhaus-Lindberg-2-768x732.jpg 768w, https:\/\/www.arabische-schule-nour.ch\/wp-content\/uploads\/2024\/01\/Schulhaus-Lindberg-2-58x55.jpg 58w, https:\/\/www.arabische-schule-nour.ch\/wp-content\/uploads\/2024\/01\/Schulhaus-Lindberg-2-947x902.jpg 947w, https:\/\/www.arabische-schule-nour.ch\/wp-content\/uploads\/2024\/01\/Schulhaus-Lindberg-2-624x595.jpg 624w\" sizes=\"(max-width: 1017px) 100vw, 1017px\" \/>[\/vc_column_text][vc_gmaps link=&#187;#E-8_JTNDaWZyYW1lJTIwc3JjJTNEJTIyaHR0cHMlM0ElMkYlMkZ3d3cuZ29vZ2xlLmNvbSUyRm1hcHMlMkZlbWJlZCUzRnBiJTNEJTIxMW0xOCUyMTFtMTIlMjExbTMlMjExZDE3MjUxNC45OTI1NDc1MTg5MiUyMTJkOC41Njg0Njc1NDgyMjQxNjUlMjEzZDQ3LjQ5ODc0MjI4Njc5MTY5JTIxMm0zJTIxMWYwJTIxMmYwJTIxM2YwJTIxM20yJTIxMWkxMDI0JTIxJTBBJTBBMmk3NjglMjE0ZjEzLjElMjEzbTMlMjExbTIlMjExczB4NDc5MDBjYTA0OWMwZWFiZCUyNTNBMHhmMDk4MDQ5ZjQxMDQxZGVjJTIxMnNXaW50ZXJ0aHVyJTIxNWUwJTIxM20yJTIxMXNkZSUyMTJzY2glMjE0djE3NTc1OTQxNTQ1MjMlMjE1bTIlMjExc2RlJTIxMnNjaCUyMiUyMHdpZHRoJTNEJTIyMTAwJTI1JTIyJTIwaGVpZ2h0JTNEJTIyNDUwJTIyJTIwJTBBJTBBc3R5bGUlM0QlMjJib3JkZXIlM0EwJTNCJTIyJTIwYWxsb3dmdWxsc2NyZWVuJTNEJTIyJTIyJTIwbG9hZGluZyUzRCUyMmxhenklMjIlMjByZWZlcnJlcnBvbGljeSUzRCUyMm5vLXJlZmVycmVyLXdoZW4tZG93bmdyYWRlJTIyJTNFJTNDJTJGaWZyYW1lJTNF&#187;][\/vc_column][\/vc_row][vc_row][vc_column][vc_column_text]<\/p>\n<p>[\/vc_column_text][\/vc_column][\/vc_row]<\/p>\n","protected":false},"excerpt":{"rendered":"<p>[vc_row][vc_column][vc_column_text][\/vc_column_text][vc_column_text] 1- Stadt Z\u00fcrich An unserem Haupstandort in Z\u00fcrich werden die Sch\u00fcler der 1.+ 2. KG und der ersten bis sechsten Klassen unterrichtet. [\/vc_column_text][vc_gmaps link=&#187;#E-8_JTNDaWZyYW1lJTIwc3JjJTNEJTIyaHR0cHMlM0ElMkYlMkZ3d3cuZ29vZ2xlLmNvbSUyRm1hcHMlMkZlbWJlZCUzRnBiJTNEJTIxMW0xOCUyMTFtMTIlMjExbTMlMjExZDE3MjkxMy41NTQ0MzY0OTMyMyUyMTJkOC4zNzE5Mjg1Njg3NzIwMjclMjEzZDQ3LjM3NzMyMzY0NDA1Mjc3JTIxMm0zJTIxMWYwJTIxMmYwJTIxM2YwJTIxM20yJTIxMWkxMDI0JTIxMmk3NjglMjE0ZjEzLjElMjEzbTMlMjExbTIlMjExczB4NDc5MDBiOTc0OWJlYTIxOSUyNTNBMHhlNjZlOGRmMWU3MWZkYzAzJTIxMnpXc084Y21samFBJTIxNWUwJTIxM20yJTIxMXNkZSUyMTJzY2glMjE0djE3NTc1OTI2NDgyNzYlMjE1bTIlMjExc2RlJTIxMnNjaCUyMiUyMHdpZHRoJTNEJTIyMTAwJTI1JTIyJTIwaGVpZ2h0JTNEJTIyNDUwJTIyJTIwc3R5bGUlM0QlMjJib3JkZXIlM0EwJTNCJTIyJTIwYWxsb3dmdWxsc2NyZWVuJTNEJTIyJTIyJTIwbG9hZGluZyUzRCUyMmxhenklMjIlMjByZWZlcnJlcnBvbGljeSUzRCUyMm5vLXJlZmVycmVyLXdoZW4tZG93bmdyYWRlJTIyJTNFJTNDJTJGaWZyYW1lJTNF&#187;][vc_column_text] 2- Standort Winterthur Am neuen &hellip; <\/p>\n","protected":false},"author":1,"featured_media":9470,"parent":4524,"menu_order":2,"comment_status":"closed","ping_status":"closed","template":"template-noleft.php","meta":{"footnotes":""},"class_list":["post-4721","page","type-page","status-publish","has-post-thumbnail","hentry"],"yoast_head":"<!-- This site is optimized with the Yoast SEO plugin v27.3 - https:\/\/yoast.com\/product\/yoast-seo-wordpress\/ -->\n<title>Unsere Standorte: Z\u00fcrich und Winterthur - www.arabische-schule-nour.ch<\/title>\n<meta name=\"robots\" content=\"index, follow, max-snippet:-1, max-image-preview:large, max-video-preview:-1\" \/>\n<link rel=\"canonical\" href=\"http:\/\/www.arabische-schule-nour.ch\/index.php\/schule\/standorte\/\" \/>\n<meta property=\"og:locale\" content=\"de_DE\" \/>\n<meta property=\"og:type\" content=\"article\" \/>\n<meta property=\"og:title\" content=\"Unsere Standorte: Z\u00fcrich und Winterthur - www.arabische-schule-nour.ch\" \/>\n<meta property=\"og:description\" content=\"[vc_row][vc_column][vc_column_text][\/vc_column_text][vc_column_text] 1- Stadt Z\u00fcrich An unserem Haupstandort in Z\u00fcrich werden die Sch\u00fcler der 1.+ 2. KG und der ersten bis sechsten Klassen unterrichtet. [\/vc_column_text][vc_gmaps link=&#187;#E-8_JTNDaWZyYW1lJTIwc3JjJTNEJTIyaHR0cHMlM0ElMkYlMkZ3d3cuZ29vZ2xlLmNvbSUyRm1hcHMlMkZlbWJlZCUzRnBiJTNEJTIxMW0xOCUyMTFtMTIlMjExbTMlMjExZDE3MjkxMy41NTQ0MzY0OTMyMyUyMTJkOC4zNzE5Mjg1Njg3NzIwMjclMjEzZDQ3LjM3NzMyMzY0NDA1Mjc3JTIxMm0zJTIxMWYwJTIxMmYwJTIxM2YwJTIxM20yJTIxMWkxMDI0JTIxMmk3NjglMjE0ZjEzLjElMjEzbTMlMjExbTIlMjExczB4NDc5MDBiOTc0OWJlYTIxOSUyNTNBMHhlNjZlOGRmMWU3MWZkYzAzJTIxMnpXc084Y21samFBJTIxNWUwJTIxM20yJTIxMXNkZSUyMTJzY2glMjE0djE3NTc1OTI2NDgyNzYlMjE1bTIlMjExc2RlJTIxMnNjaCUyMiUyMHdpZHRoJTNEJTIyMTAwJTI1JTIyJTIwaGVpZ2h0JTNEJTIyNDUwJTIyJTIwc3R5bGUlM0QlMjJib3JkZXIlM0EwJTNCJTIyJTIwYWxsb3dmdWxsc2NyZWVuJTNEJTIyJTIyJTIwbG9hZGluZyUzRCUyMmxhenklMjIlMjByZWZlcnJlcnBvbGljeSUzRCUyMm5vLXJlZmVycmVyLXdoZW4tZG93bmdyYWRlJTIyJTNFJTNDJTJGaWZyYW1lJTNF&#187;][vc_column_text] 2- Standort Winterthur Am neuen &hellip;\" \/>\n<meta property=\"og:url\" content=\"http:\/\/www.arabische-schule-nour.ch\/index.php\/schule\/standorte\/\" \/>\n<meta property=\"og:site_name\" content=\"www.arabische-schule-nour.ch\" \/>\n<meta property=\"article:modified_time\" content=\"2025-09-11T12:59:44+00:00\" \/>\n<meta property=\"og:image\" content=\"http:\/\/www.arabische-schule-nour.ch\/wp-content\/uploads\/2024\/01\/Schulhaus-Buchwiesen.jpg\" \/>\n\t<meta property=\"og:image:width\" content=\"1017\" \/>\n\t<meta property=\"og:image:height\" content=\"418\" \/>\n\t<meta property=\"og:image:type\" content=\"image\/jpeg\" \/>\n<meta name=\"twitter:card\" content=\"summary_large_image\" \/>\n<meta name=\"twitter:label1\" content=\"Gesch\u00e4tzte Lesezeit\" \/>\n\t<meta name=\"twitter:data1\" content=\"1\u00a0Minute\" \/>\n<script type=\"application\/ld+json\" class=\"yoast-schema-graph\">{\"@context\":\"https:\\\/\\\/schema.org\",\"@graph\":[{\"@type\":\"WebPage\",\"@id\":\"http:\\\/\\\/www.arabische-schule-nour.ch\\\/index.php\\\/schule\\\/standorte\\\/\",\"url\":\"http:\\\/\\\/www.arabische-schule-nour.ch\\\/index.php\\\/schule\\\/standorte\\\/\",\"name\":\"Unsere Standorte: Z\u00fcrich und Winterthur - www.arabische-schule-nour.ch\",\"isPartOf\":{\"@id\":\"https:\\\/\\\/www.arabische-schule-nour.ch\\\/#website\"},\"primaryImageOfPage\":{\"@id\":\"http:\\\/\\\/www.arabische-schule-nour.ch\\\/index.php\\\/schule\\\/standorte\\\/#primaryimage\"},\"image\":{\"@id\":\"http:\\\/\\\/www.arabische-schule-nour.ch\\\/index.php\\\/schule\\\/standorte\\\/#primaryimage\"},\"thumbnailUrl\":\"https:\\\/\\\/www.arabische-schule-nour.ch\\\/wp-content\\\/uploads\\\/2024\\\/01\\\/Schulhaus-Buchwiesen.jpg\",\"datePublished\":\"2018-08-20T23:28:16+00:00\",\"dateModified\":\"2025-09-11T12:59:44+00:00\",\"breadcrumb\":{\"@id\":\"http:\\\/\\\/www.arabische-schule-nour.ch\\\/index.php\\\/schule\\\/standorte\\\/#breadcrumb\"},\"inLanguage\":\"de-CH\",\"potentialAction\":[{\"@type\":\"ReadAction\",\"target\":[\"http:\\\/\\\/www.arabische-schule-nour.ch\\\/index.php\\\/schule\\\/standorte\\\/\"]}]},{\"@type\":\"ImageObject\",\"inLanguage\":\"de-CH\",\"@id\":\"http:\\\/\\\/www.arabische-schule-nour.ch\\\/index.php\\\/schule\\\/standorte\\\/#primaryimage\",\"url\":\"https:\\\/\\\/www.arabische-schule-nour.ch\\\/wp-content\\\/uploads\\\/2024\\\/01\\\/Schulhaus-Buchwiesen.jpg\",\"contentUrl\":\"https:\\\/\\\/www.arabische-schule-nour.ch\\\/wp-content\\\/uploads\\\/2024\\\/01\\\/Schulhaus-Buchwiesen.jpg\",\"width\":1017,\"height\":418},{\"@type\":\"BreadcrumbList\",\"@id\":\"http:\\\/\\\/www.arabische-schule-nour.ch\\\/index.php\\\/schule\\\/standorte\\\/#breadcrumb\",\"itemListElement\":[{\"@type\":\"ListItem\",\"position\":1,\"name\":\"Home\",\"item\":\"https:\\\/\\\/www.arabische-schule-nour.ch\\\/\"},{\"@type\":\"ListItem\",\"position\":2,\"name\":\"Schule\",\"item\":\"http:\\\/\\\/www.arabische-schule-nour.ch\\\/index.php\\\/schule\\\/\"},{\"@type\":\"ListItem\",\"position\":3,\"name\":\"Unsere Standorte: Z\u00fcrich und Winterthur\"}]},{\"@type\":\"WebSite\",\"@id\":\"https:\\\/\\\/www.arabische-schule-nour.ch\\\/#website\",\"url\":\"https:\\\/\\\/www.arabische-schule-nour.ch\\\/\",\"name\":\"www.arabische-schule-nour.ch\",\"description\":\"\",\"potentialAction\":[{\"@type\":\"SearchAction\",\"target\":{\"@type\":\"EntryPoint\",\"urlTemplate\":\"https:\\\/\\\/www.arabische-schule-nour.ch\\\/?s={search_term_string}\"},\"query-input\":{\"@type\":\"PropertyValueSpecification\",\"valueRequired\":true,\"valueName\":\"search_term_string\"}}],\"inLanguage\":\"de-CH\"}]}<\/script>\n<!-- \/ Yoast SEO plugin. -->","yoast_head_json":{"title":"Unsere Standorte: Z\u00fcrich und Winterthur - www.arabische-schule-nour.ch","robots":{"index":"index","follow":"follow","max-snippet":"max-snippet:-1","max-image-preview":"max-image-preview:large","max-video-preview":"max-video-preview:-1"},"canonical":"http:\/\/www.arabische-schule-nour.ch\/index.php\/schule\/standorte\/","og_locale":"de_DE","og_type":"article","og_title":"Unsere Standorte: Z\u00fcrich und Winterthur - www.arabische-schule-nour.ch","og_description":"[vc_row][vc_column][vc_column_text][\/vc_column_text][vc_column_text] 1- Stadt Z\u00fcrich An unserem Haupstandort in Z\u00fcrich werden die Sch\u00fcler der 1.+ 2. KG und der ersten bis sechsten Klassen unterrichtet. [\/vc_column_text][vc_gmaps link=&#187;#E-8_JTNDaWZyYW1lJTIwc3JjJTNEJTIyaHR0cHMlM0ElMkYlMkZ3d3cuZ29vZ2xlLmNvbSUyRm1hcHMlMkZlbWJlZCUzRnBiJTNEJTIxMW0xOCUyMTFtMTIlMjExbTMlMjExZDE3MjkxMy41NTQ0MzY0OTMyMyUyMTJkOC4zNzE5Mjg1Njg3NzIwMjclMjEzZDQ3LjM3NzMyMzY0NDA1Mjc3JTIxMm0zJTIxMWYwJTIxMmYwJTIxM2YwJTIxM20yJTIxMWkxMDI0JTIxMmk3NjglMjE0ZjEzLjElMjEzbTMlMjExbTIlMjExczB4NDc5MDBiOTc0OWJlYTIxOSUyNTNBMHhlNjZlOGRmMWU3MWZkYzAzJTIxMnpXc084Y21samFBJTIxNWUwJTIxM20yJTIxMXNkZSUyMTJzY2glMjE0djE3NTc1OTI2NDgyNzYlMjE1bTIlMjExc2RlJTIxMnNjaCUyMiUyMHdpZHRoJTNEJTIyMTAwJTI1JTIyJTIwaGVpZ2h0JTNEJTIyNDUwJTIyJTIwc3R5bGUlM0QlMjJib3JkZXIlM0EwJTNCJTIyJTIwYWxsb3dmdWxsc2NyZWVuJTNEJTIyJTIyJTIwbG9hZGluZyUzRCUyMmxhenklMjIlMjByZWZlcnJlcnBvbGljeSUzRCUyMm5vLXJlZmVycmVyLXdoZW4tZG93bmdyYWRlJTIyJTNFJTNDJTJGaWZyYW1lJTNF&#187;][vc_column_text] 2- Standort Winterthur Am neuen &hellip;","og_url":"http:\/\/www.arabische-schule-nour.ch\/index.php\/schule\/standorte\/","og_site_name":"www.arabische-schule-nour.ch","article_modified_time":"2025-09-11T12:59:44+00:00","og_image":[{"width":1017,"height":418,"url":"http:\/\/www.arabische-schule-nour.ch\/wp-content\/uploads\/2024\/01\/Schulhaus-Buchwiesen.jpg","type":"image\/jpeg"}],"twitter_card":"summary_large_image","twitter_misc":{"Gesch\u00e4tzte Lesezeit":"1\u00a0Minute"},"schema":{"@context":"https:\/\/schema.org","@graph":[{"@type":"WebPage","@id":"http:\/\/www.arabische-schule-nour.ch\/index.php\/schule\/standorte\/","url":"http:\/\/www.arabische-schule-nour.ch\/index.php\/schule\/standorte\/","name":"Unsere Standorte: Z\u00fcrich und Winterthur - www.arabische-schule-nour.ch","isPartOf":{"@id":"https:\/\/www.arabische-schule-nour.ch\/#website"},"primaryImageOfPage":{"@id":"http:\/\/www.arabische-schule-nour.ch\/index.php\/schule\/standorte\/#primaryimage"},"image":{"@id":"http:\/\/www.arabische-schule-nour.ch\/index.php\/schule\/standorte\/#primaryimage"},"thumbnailUrl":"https:\/\/www.arabische-schule-nour.ch\/wp-content\/uploads\/2024\/01\/Schulhaus-Buchwiesen.jpg","datePublished":"2018-08-20T23:28:16+00:00","dateModified":"2025-09-11T12:59:44+00:00","breadcrumb":{"@id":"http:\/\/www.arabische-schule-nour.ch\/index.php\/schule\/standorte\/#breadcrumb"},"inLanguage":"de-CH","potentialAction":[{"@type":"ReadAction","target":["http:\/\/www.arabische-schule-nour.ch\/index.php\/schule\/standorte\/"]}]},{"@type":"ImageObject","inLanguage":"de-CH","@id":"http:\/\/www.arabische-schule-nour.ch\/index.php\/schule\/standorte\/#primaryimage","url":"https:\/\/www.arabische-schule-nour.ch\/wp-content\/uploads\/2024\/01\/Schulhaus-Buchwiesen.jpg","contentUrl":"https:\/\/www.arabische-schule-nour.ch\/wp-content\/uploads\/2024\/01\/Schulhaus-Buchwiesen.jpg","width":1017,"height":418},{"@type":"BreadcrumbList","@id":"http:\/\/www.arabische-schule-nour.ch\/index.php\/schule\/standorte\/#breadcrumb","itemListElement":[{"@type":"ListItem","position":1,"name":"Home","item":"https:\/\/www.arabische-schule-nour.ch\/"},{"@type":"ListItem","position":2,"name":"Schule","item":"http:\/\/www.arabische-schule-nour.ch\/index.php\/schule\/"},{"@type":"ListItem","position":3,"name":"Unsere Standorte: Z\u00fcrich und Winterthur"}]},{"@type":"WebSite","@id":"https:\/\/www.arabische-schule-nour.ch\/#website","url":"https:\/\/www.arabische-schule-nour.ch\/","name":"www.arabische-schule-nour.ch","description":"","potentialAction":[{"@type":"SearchAction","target":{"@type":"EntryPoint","urlTemplate":"https:\/\/www.arabische-schule-nour.ch\/?s={search_term_string}"},"query-input":{"@type":"PropertyValueSpecification","valueRequired":true,"valueName":"search_term_string"}}],"inLanguage":"de-CH"}]}},"post_mailing_queue_ids":[],"_links":{"self":[{"href":"https:\/\/www.arabische-schule-nour.ch\/index.php\/wp-json\/wp\/v2\/pages\/4721","targetHints":{"allow":["GET"]}}],"collection":[{"href":"https:\/\/www.arabische-schule-nour.ch\/index.php\/wp-json\/wp\/v2\/pages"}],"about":[{"href":"https:\/\/www.arabische-schule-nour.ch\/index.php\/wp-json\/wp\/v2\/types\/page"}],"author":[{"embeddable":true,"href":"https:\/\/www.arabische-schule-nour.ch\/index.php\/wp-json\/wp\/v2\/users\/1"}],"replies":[{"embeddable":true,"href":"https:\/\/www.arabische-schule-nour.ch\/index.php\/wp-json\/wp\/v2\/comments?post=4721"}],"version-history":[{"count":36,"href":"https:\/\/www.arabische-schule-nour.ch\/index.php\/wp-json\/wp\/v2\/pages\/4721\/revisions"}],"predecessor-version":[{"id":10805,"href":"https:\/\/www.arabische-schule-nour.ch\/index.php\/wp-json\/wp\/v2\/pages\/4721\/revisions\/10805"}],"up":[{"embeddable":true,"href":"https:\/\/www.arabische-schule-nour.ch\/index.php\/wp-json\/wp\/v2\/pages\/4524"}],"wp:featuredmedia":[{"embeddable":true,"href":"https:\/\/www.arabische-schule-nour.ch\/index.php\/wp-json\/wp\/v2\/media\/9470"}],"wp:attachment":[{"href":"https:\/\/www.arabische-schule-nour.ch\/index.php\/wp-json\/wp\/v2\/media?parent=4721"}],"curies":[{"name":"wp","href":"https:\/\/api.w.org\/{rel}","templated":true}]}}