{"id":4765,"date":"2018-08-22T20:58:42","date_gmt":"2018-08-22T18:58:42","guid":{"rendered":"http:\/\/newweb.arabische-schule-nour.ch\/?page_id=4765"},"modified":"2019-03-21T19:15:18","modified_gmt":"2019-03-21T18:15:18","slug":"impressum","status":"publish","type":"page","link":"https:\/\/www.arabische-schule-nour.ch\/index.php\/impressum\/","title":{"rendered":"Impressum"},"content":{"rendered":"<p>Copyright<br \/>\nDer gesamte Webauftritt untersteht der schweizerischen Gesetzgebung \u00fcber Urheberrechte und geistiges Eigentum. Alle Abdruckrechte sind vorbehalten. Das betrifft ebenso alle abrufbaren Dokumente, Kataloge und Bilder. Die Wiedergabe der gesamten Seite oder nur eines Teils auf irgendeinem elektronischen Tr\u00e4ger oder auf Papier ist untersagt, ausser mit der ausdr\u00fccklichen Genehmigung durch Arabische Schule NOUR.<br \/>\nHaftungsausschluss<br \/>\nDie Nutzung der Website arabische-schule-nour.ch erfolgt auf eigenes Risiko. Es ist m\u00f6glich, von dieser Website andere Internet-Seiten aufzurufen, welche nicht von arabische-schule-nour.ch unterhalten werden. Diese sind dem Einfluss von ausbildung-weiterbildung.ch vollst\u00e4ndig entzogen, weshalb ausbwww.arabische-schule-nour.ch f\u00fcr die Richtigkeit, Vollst\u00e4ndigkeit und Rechtm\u00e4ssigkeit des Inhalts solcher Websites sowie f\u00fcr allf\u00e4llige darauf enthaltene Angebote keinerlei Verantwortung \u00fcbernimmt. www.arabische-schule-nour.ch lehnt jede Haftung f\u00fcr Anspr\u00fcche des Besucher ab.<br \/>\nBei Fragen stehen wir Ihnen gerne zur Verf\u00fcgung.<br \/>\n&nbsp;<br \/>\nVerantwortlich f\u00fcr den Inhalt:<\/p>\n<p>Arabische Schule NOUR<\/p>\n<p>Korrespondenz Adresse:<br \/>\nArabische Schule NOUR<br \/>\nPostfach<br \/>\n8050 Z\u00fcrich<\/p>\n","protected":false},"excerpt":{"rendered":"<p>Copyright Der gesamte Webauftritt untersteht der schweizerischen Gesetzgebung \u00fcber Urheberrechte und geistiges Eigentum. Alle Abdruckrechte sind vorbehalten. Das betrifft ebenso alle abrufbaren Dokumente, Kataloge und Bilder. Die Wiedergabe der gesamten &hellip; <\/p>\n","protected":false},"author":1,"featured_media":0,"parent":0,"menu_order":0,"comment_status":"closed","ping_status":"closed","template":"template-noleft.php","meta":{"footnotes":""},"class_list":["post-4765","page","type-page","status-publish","hentry"],"yoast_head":"<!-- This site is optimized with the Yoast SEO plugin v27.3 - https:\/\/yoast.com\/product\/yoast-seo-wordpress\/ -->\n<title>Impressum - www.arabische-schule-nour.ch<\/title>\n<meta name=\"robots\" content=\"index, follow, max-snippet:-1, max-image-preview:large, max-video-preview:-1\" \/>\n<link rel=\"canonical\" href=\"http:\/\/www.arabische-schule-nour.ch\/index.php\/impressum\/\" \/>\n<meta property=\"og:locale\" content=\"de_DE\" \/>\n<meta property=\"og:type\" content=\"article\" \/>\n<meta property=\"og:title\" content=\"Impressum - www.arabische-schule-nour.ch\" \/>\n<meta property=\"og:description\" content=\"Copyright Der gesamte Webauftritt untersteht der schweizerischen Gesetzgebung \u00fcber Urheberrechte und geistiges Eigentum. Alle Abdruckrechte sind vorbehalten. Das betrifft ebenso alle abrufbaren Dokumente, Kataloge und Bilder. Die Wiedergabe der gesamten &hellip;\" \/>\n<meta property=\"og:url\" content=\"http:\/\/www.arabische-schule-nour.ch\/index.php\/impressum\/\" \/>\n<meta property=\"og:site_name\" content=\"www.arabische-schule-nour.ch\" \/>\n<meta property=\"article:modified_time\" content=\"2019-03-21T18:15:18+00:00\" \/>\n<meta name=\"twitter:card\" content=\"summary_large_image\" \/>\n<meta name=\"twitter:label1\" content=\"Gesch\u00e4tzte Lesezeit\" \/>\n\t<meta name=\"twitter:data1\" content=\"1\u00a0Minute\" \/>\n<script type=\"application\/ld+json\" class=\"yoast-schema-graph\">{\"@context\":\"https:\\\/\\\/schema.org\",\"@graph\":[{\"@type\":\"WebPage\",\"@id\":\"http:\\\/\\\/www.arabische-schule-nour.ch\\\/index.php\\\/impressum\\\/\",\"url\":\"http:\\\/\\\/www.arabische-schule-nour.ch\\\/index.php\\\/impressum\\\/\",\"name\":\"Impressum - www.arabische-schule-nour.ch\",\"isPartOf\":{\"@id\":\"https:\\\/\\\/www.arabische-schule-nour.ch\\\/#website\"},\"datePublished\":\"2018-08-22T18:58:42+00:00\",\"dateModified\":\"2019-03-21T18:15:18+00:00\",\"breadcrumb\":{\"@id\":\"http:\\\/\\\/www.arabische-schule-nour.ch\\\/index.php\\\/impressum\\\/#breadcrumb\"},\"inLanguage\":\"de-CH\",\"potentialAction\":[{\"@type\":\"ReadAction\",\"target\":[\"http:\\\/\\\/www.arabische-schule-nour.ch\\\/index.php\\\/impressum\\\/\"]}]},{\"@type\":\"BreadcrumbList\",\"@id\":\"http:\\\/\\\/www.arabische-schule-nour.ch\\\/index.php\\\/impressum\\\/#breadcrumb\",\"itemListElement\":[{\"@type\":\"ListItem\",\"position\":1,\"name\":\"Home\",\"item\":\"https:\\\/\\\/www.arabische-schule-nour.ch\\\/\"},{\"@type\":\"ListItem\",\"position\":2,\"name\":\"Impressum\"}]},{\"@type\":\"WebSite\",\"@id\":\"https:\\\/\\\/www.arabische-schule-nour.ch\\\/#website\",\"url\":\"https:\\\/\\\/www.arabische-schule-nour.ch\\\/\",\"name\":\"www.arabische-schule-nour.ch\",\"description\":\"\",\"potentialAction\":[{\"@type\":\"SearchAction\",\"target\":{\"@type\":\"EntryPoint\",\"urlTemplate\":\"https:\\\/\\\/www.arabische-schule-nour.ch\\\/?s={search_term_string}\"},\"query-input\":{\"@type\":\"PropertyValueSpecification\",\"valueRequired\":true,\"valueName\":\"search_term_string\"}}],\"inLanguage\":\"de-CH\"}]}<\/script>\n<!-- \/ Yoast SEO plugin. -->","yoast_head_json":{"title":"Impressum - www.arabische-schule-nour.ch","robots":{"index":"index","follow":"follow","max-snippet":"max-snippet:-1","max-image-preview":"max-image-preview:large","max-video-preview":"max-video-preview:-1"},"canonical":"http:\/\/www.arabische-schule-nour.ch\/index.php\/impressum\/","og_locale":"de_DE","og_type":"article","og_title":"Impressum - www.arabische-schule-nour.ch","og_description":"Copyright Der gesamte Webauftritt untersteht der schweizerischen Gesetzgebung \u00fcber Urheberrechte und geistiges Eigentum. Alle Abdruckrechte sind vorbehalten. Das betrifft ebenso alle abrufbaren Dokumente, Kataloge und Bilder. Die Wiedergabe der gesamten &hellip;","og_url":"http:\/\/www.arabische-schule-nour.ch\/index.php\/impressum\/","og_site_name":"www.arabische-schule-nour.ch","article_modified_time":"2019-03-21T18:15:18+00:00","twitter_card":"summary_large_image","twitter_misc":{"Gesch\u00e4tzte Lesezeit":"1\u00a0Minute"},"schema":{"@context":"https:\/\/schema.org","@graph":[{"@type":"WebPage","@id":"http:\/\/www.arabische-schule-nour.ch\/index.php\/impressum\/","url":"http:\/\/www.arabische-schule-nour.ch\/index.php\/impressum\/","name":"Impressum - www.arabische-schule-nour.ch","isPartOf":{"@id":"https:\/\/www.arabische-schule-nour.ch\/#website"},"datePublished":"2018-08-22T18:58:42+00:00","dateModified":"2019-03-21T18:15:18+00:00","breadcrumb":{"@id":"http:\/\/www.arabische-schule-nour.ch\/index.php\/impressum\/#breadcrumb"},"inLanguage":"de-CH","potentialAction":[{"@type":"ReadAction","target":["http:\/\/www.arabische-schule-nour.ch\/index.php\/impressum\/"]}]},{"@type":"BreadcrumbList","@id":"http:\/\/www.arabische-schule-nour.ch\/index.php\/impressum\/#breadcrumb","itemListElement":[{"@type":"ListItem","position":1,"name":"Home","item":"https:\/\/www.arabische-schule-nour.ch\/"},{"@type":"ListItem","position":2,"name":"Impressum"}]},{"@type":"WebSite","@id":"https:\/\/www.arabische-schule-nour.ch\/#website","url":"https:\/\/www.arabische-schule-nour.ch\/","name":"www.arabische-schule-nour.ch","description":"","potentialAction":[{"@type":"SearchAction","target":{"@type":"EntryPoint","urlTemplate":"https:\/\/www.arabische-schule-nour.ch\/?s={search_term_string}"},"query-input":{"@type":"PropertyValueSpecification","valueRequired":true,"valueName":"search_term_string"}}],"inLanguage":"de-CH"}]}},"post_mailing_queue_ids":[],"_links":{"self":[{"href":"https:\/\/www.arabische-schule-nour.ch\/index.php\/wp-json\/wp\/v2\/pages\/4765","targetHints":{"allow":["GET"]}}],"collection":[{"href":"https:\/\/www.arabische-schule-nour.ch\/index.php\/wp-json\/wp\/v2\/pages"}],"about":[{"href":"https:\/\/www.arabische-schule-nour.ch\/index.php\/wp-json\/wp\/v2\/types\/page"}],"author":[{"embeddable":true,"href":"https:\/\/www.arabische-schule-nour.ch\/index.php\/wp-json\/wp\/v2\/users\/1"}],"replies":[{"embeddable":true,"href":"https:\/\/www.arabische-schule-nour.ch\/index.php\/wp-json\/wp\/v2\/comments?post=4765"}],"version-history":[{"count":6,"href":"https:\/\/www.arabische-schule-nour.ch\/index.php\/wp-json\/wp\/v2\/pages\/4765\/revisions"}],"predecessor-version":[{"id":5050,"href":"https:\/\/www.arabische-schule-nour.ch\/index.php\/wp-json\/wp\/v2\/pages\/4765\/revisions\/5050"}],"wp:attachment":[{"href":"https:\/\/www.arabische-schule-nour.ch\/index.php\/wp-json\/wp\/v2\/media?parent=4765"}],"curies":[{"name":"wp","href":"https:\/\/api.w.org\/{rel}","templated":true}]}}