{"id":5017,"date":"2019-02-03T00:27:55","date_gmt":"2019-02-02T23:27:55","guid":{"rendered":"http:\/\/www.arabische-schule-nour.ch\/?page_id=5017"},"modified":"2025-09-11T15:01:46","modified_gmt":"2025-09-11T13:01:46","slug":"kontakt","status":"publish","type":"page","link":"https:\/\/www.arabische-schule-nour.ch\/index.php\/kontakt\/","title":{"rendered":"Kontakt"},"content":{"rendered":"<p>[vc_row][vc_column width=&#187;1\/2&#8243;][vc_column_text]<\/p>\n<h3>Arabische Schule NOUR<\/h3>\n<h4>Postfach, 8050 Z\u00fcrich<\/h4>\n<h4>E-Mail: <a href=\"mailto:info@arabische-schule-nour.ch\">info@arabische-schule-nour.ch<\/a><\/h4>\n<h4>E-Mail: <a href=\"mailto:arabische.schule.nour@hotmail.com\">arabische.schule.nour@hotmail.com<\/a><\/h4>\n<h4><span style=\"color: #ff6600;\">F\u00fcr Fragen und Anliegen stehen wir Ihnen jeder Zeit gerne zur Verf\u00fcgung,<\/span><\/h4>\n<h4><span style=\"color: #ff6600;\">Rufen Sie uns einfach an und vereinbaren Sie einen Termin f\u00fcr ein pers\u00f6nliches Gespr\u00e4ch.<br \/>\n<\/span><\/h4>\n<p>[\/vc_column_text][\/vc_column][vc_column width=&#187;1\/2&#8243;][vc_column_text]<\/p>\n<h3><span style=\"color: #008000;\">Schulleitung \/ HSK-Koordination<\/span><\/h3>\n<h3>Moghnieh Hassan<\/h3>\n<h3>Mobile: +41 76 575 84 86<\/h3>\n<h3><span style=\"color: #3366ff;\">Sekretariat<\/span><\/h3>\n<h3>Mobile: +41 76 458 84 86<\/h3>\n<p>[\/vc_column_text][\/vc_column][\/vc_row][vc_row gap=&#187;2&#8243; bg_type=&#187;bg_color&#187; css=&#187;.vc_custom_1575248845007{margin-top: 50px !important;}&#187; bg_color_value=&#187;#ced6e8&#8243;][vc_column width=&#187;1\/2&#8243;][vc_message message_box_style=&#187;solid-icon&#187; icon_fontawesome=&#187;fa fa-envelope-o&#187; css_animation=&#187;none&#187; el_id=&#187;ID02&#8243;]<\/p>\n<h3><\/h3>\n<h3><span style=\"color: #ff6600;\">Wir freuen uns auf Ihre Nachricht.<\/span><\/h3>\n<h3><span style=\"color: #ff6600;\">Z\u00f6gern Sie nicht uns zu kontaktieren.<\/span><\/h3>\n<p>[\/vc_message][\/vc_column][vc_column width=&#187;1\/2&#8243;][vc_column_text]<\/p>\n<h3>Kontaktformular:<\/h3>\n<p>[\/vc_column_text]\n<div class=\"wpcf7 no-js\" id=\"wpcf7-f4544-o1\" lang=\"de-CH\" dir=\"ltr\" data-wpcf7-id=\"4544\">\n<div class=\"screen-reader-response\"><p role=\"status\" aria-live=\"polite\" aria-atomic=\"true\"><\/p> <ul><\/ul><\/div>\n<form action=\"\/index.php\/wp-json\/wp\/v2\/pages\/5017#wpcf7-f4544-o1\" method=\"post\" class=\"wpcf7-form init\" aria-label=\"Contact form\" novalidate=\"novalidate\" data-status=\"init\">\n<fieldset class=\"hidden-fields-container\"><input type=\"hidden\" name=\"_wpcf7\" value=\"4544\" \/><input type=\"hidden\" name=\"_wpcf7_version\" value=\"6.1.5\" \/><input type=\"hidden\" name=\"_wpcf7_locale\" value=\"de_CH\" \/><input type=\"hidden\" name=\"_wpcf7_unit_tag\" value=\"wpcf7-f4544-o1\" \/><input type=\"hidden\" name=\"_wpcf7_container_post\" value=\"0\" \/><input type=\"hidden\" name=\"_wpcf7_posted_data_hash\" value=\"\" \/>\n<\/fieldset>\n<p><label> Ihr Name (erforderlich)<br \/>\n<span class=\"wpcf7-form-control-wrap\" data-name=\"your-name\"><input size=\"40\" maxlength=\"400\" class=\"wpcf7-form-control wpcf7-text wpcf7-validates-as-required\" aria-required=\"true\" aria-invalid=\"false\" value=\"\" type=\"text\" name=\"your-name\" \/><\/span> <\/label>\n<\/p>\n<p><label> Ihre E-Mail (erforderlich)<br \/>\n<span class=\"wpcf7-form-control-wrap\" data-name=\"your-email\"><input size=\"40\" maxlength=\"400\" class=\"wpcf7-form-control wpcf7-email wpcf7-validates-as-required wpcf7-text wpcf7-validates-as-email\" aria-required=\"true\" aria-invalid=\"false\" value=\"\" type=\"email\" name=\"your-email\" \/><\/span> <\/label>\n<\/p>\n<p><label> Betreff<br \/>\n<span class=\"wpcf7-form-control-wrap\" data-name=\"your-subject\"><input size=\"40\" maxlength=\"400\" class=\"wpcf7-form-control wpcf7-text wpcf7-validates-as-required\" aria-required=\"true\" aria-invalid=\"false\" value=\"\" type=\"text\" name=\"your-subject\" \/><\/span> <\/label>\n<\/p>\n<p><label> Ihre Nachricht<br \/>\n<span class=\"wpcf7-form-control-wrap\" data-name=\"your-message\"><textarea cols=\"40\" rows=\"10\" maxlength=\"2000\" class=\"wpcf7-form-control wpcf7-textarea wpcf7-validates-as-required\" aria-required=\"true\" aria-invalid=\"false\" name=\"your-message\"><\/textarea><\/span> <\/label>\n<\/p>\n<div class=\"g-recaptcha\" data-sitekey=\"6Lc01D8UAAAAAFPVIxpmJFfo2SS2r3wvcHB3-4_h\">\n<\/div>\n<p><input class=\"wpcf7-form-control wpcf7-submit has-spinner\" type=\"submit\" value=\"Senden\" \/>\n<\/p><p style=\"display: none !important;\" class=\"akismet-fields-container\" data-prefix=\"_wpcf7_ak_\"><label>&#916;<textarea name=\"_wpcf7_ak_hp_textarea\" cols=\"45\" rows=\"8\" maxlength=\"100\"><\/textarea><\/label><input type=\"hidden\" id=\"ak_js_1\" name=\"_wpcf7_ak_js\" value=\"58\"\/><script>document.getElementById( \"ak_js_1\" ).setAttribute( \"value\", ( new Date() ).getTime() );<\/script><\/p><div class=\"wpcf7-response-output\" aria-hidden=\"true\"><\/div>\n<\/form>\n<\/div>\n[\/vc_column][\/vc_row][vc_row css=&#187;.vc_custom_1548868924322{margin-top: 50px !important;}&#187;][vc_column][vc_message color=&#187;info&#187; style=&#187;square&#187; css_animation=&#187;none&#187;]<\/p>\n<h2><span style=\"color: #ff6600;\"><strong>Standort Z\u00fcrich<\/strong><\/span><\/h2>\n<p>[\/vc_message][vc_raw_html]JTNDaWZyYW1lJTIwc3JjJTNEJTIyaHR0cHMlM0ElMkYlMkZ3d3cuZ29vZ2xlLmNvbSUyRm1hcHMlMkZlbWJlZCUzRnBiJTNEJTIxMW0xOCUyMTFtMTIlMjExbTMlMjExZDE3MjkxMy41NTQ0MzY0OTMyMyUyMTJkOC4zNzE5Mjg1Njg3NzIwMjclMjEzZDQ3LjM3NzMyMzY0NDA1Mjc3JTIxMm0zJTIxMWYwJTIxMmYwJTIxM2YwJTIxM20yJTIxMWkxMDI0JTIxMmk3NjglMjE0ZjEzLjElMjEzbTMlMjExbTIlMjExczB4NDc5MDBiOTc0OWJlYTIxOSUyNTNBMHhlNjZlOGRmMWU3MWZkYzAzJTIxMnpXc084Y21samFBJTIxNWUwJTIxM20yJTIxMXNkZSUyMTJzY2glMjE0djE3NTc1OTI2NDgyNzYlMjE1bTIlMjExc2RlJTIxMnNjaCUyMiUyMHdpZHRoJTNEJTIyMTAwJTI1JTIyJTIwaGVpZ2h0JTNEJTIyNDUwJTIyJTIwc3R5bGUlM0QlMjJib3JkZXIlM0EwJTNCJTIyJTIwYWxsb3dmdWxsc2NyZWVuJTNEJTIyJTIyJTIwbG9hZGluZyUzRCUyMmxhenklMjIlMjByZWZlcnJlcnBvbGljeSUzRCUyMm5vLXJlZmVycmVyLXdoZW4tZG93bmdyYWRlJTIyJTNFJTNDJTJGaWZyYW1lJTNF[\/vc_raw_html][\/vc_column][\/vc_row][vc_row][vc_column][vc_message color=&#187;info&#187; style=&#187;square&#187; css_animation=&#187;none&#187;]<\/p>\n<h2><span style=\"color: #0000ff;\"><strong>Standort Winterthur<\/strong><\/span><\/h2>\n<h5 class=\"place-name\"><\/h5>\n<p>[\/vc_message][vc_raw_html]JTNDaWZyYW1lJTIwc3JjJTNEJTIyaHR0cHMlM0ElMkYlMkZ3d3cuZ29vZ2xlLmNvbSUyRm1hcHMlMkZlbWJlZCUzRnBiJTNEJTIxMW0xOCUyMTFtMTIlMjExbTMlMjExZDE3MjUxNC45OTI1NDc1MTg5MiUyMTJkOC41Njg0Njc1NDgyMjQxNjUlMjEzZDQ3LjQ5ODc0MjI4Njc5MTY5JTIxMm0zJTIxMWYwJTIxMmYwJTIxM2YwJTIxM20yJTIxMWkxMDI0JTIxMmk3NjglMjE0ZjEzLjElMjEzbTMlMjExbTIlMjExczB4NDc5MDBjYTA0OWMwZWFiZCUyNTNBMHhmMDk4MDQ5ZjQxMDQxZGVjJTIxMnNXaW50ZXJ0aHVyJTIxNWUwJTIxM20yJTIxMXNkZSUyMTJzY2glMjE0djE3NTc1OTQxNTQ1MjMlMjE1bTIlMjExc2RlJTIxMnNjaCUyMiUyMHdpZHRoJTNEJTIyMTAwJTI1JTIyJTIwaGVpZ2h0JTNEJTIyNDUwJTIyJTIwc3R5bGUlM0QlMjJib3JkZXIlM0EwJTNCJTIyJTIwYWxsb3dmdWxsc2NyZWVuJTNEJTIyJTIyJTIwbG9hZGluZyUzRCUyMmxhenklMjIlMjByZWZlcnJlcnBvbGljeSUzRCUyMm5vLXJlZmVycmVyLXdoZW4tZG93bmdyYWRlJTIyJTNFJTNDJTJGaWZyYW1lJTNF[\/vc_raw_html][\/vc_column][\/vc_row]<\/p>\n","protected":false},"excerpt":{"rendered":"<p>[vc_row][vc_column width=&#187;1\/2&#8243;][vc_column_text] Arabische Schule NOUR Postfach, 8050 Z\u00fcrich E-Mail: info@arabische-schule-nour.ch E-Mail: arabische.schule.nour@hotmail.com F\u00fcr Fragen und Anliegen stehen wir Ihnen jeder Zeit gerne zur Verf\u00fcgung, Rufen Sie uns einfach an und &hellip; <\/p>\n","protected":false},"author":1,"featured_media":4885,"parent":0,"menu_order":0,"comment_status":"closed","ping_status":"closed","template":"template-noleft.php","meta":{"footnotes":""},"class_list":["post-5017","page","type-page","status-publish","has-post-thumbnail","hentry"],"yoast_head":"<!-- This site is optimized with the Yoast SEO plugin v27.3 - https:\/\/yoast.com\/product\/yoast-seo-wordpress\/ -->\n<title>Kontakt - www.arabische-schule-nour.ch<\/title>\n<meta name=\"robots\" content=\"index, follow, max-snippet:-1, max-image-preview:large, max-video-preview:-1\" \/>\n<link rel=\"canonical\" href=\"http:\/\/www.arabische-schule-nour.ch\/index.php\/kontakt\/\" \/>\n<meta property=\"og:locale\" content=\"de_DE\" \/>\n<meta property=\"og:type\" content=\"article\" \/>\n<meta property=\"og:title\" content=\"Kontakt - www.arabische-schule-nour.ch\" \/>\n<meta property=\"og:description\" content=\"[vc_row][vc_column width=&#187;1\/2&#8243;][vc_column_text] Arabische Schule NOUR Postfach, 8050 Z\u00fcrich E-Mail: info@arabische-schule-nour.ch E-Mail: arabische.schule.nour@hotmail.com F\u00fcr Fragen und Anliegen stehen wir Ihnen jeder Zeit gerne zur Verf\u00fcgung, Rufen Sie uns einfach an und &hellip;\" \/>\n<meta property=\"og:url\" content=\"http:\/\/www.arabische-schule-nour.ch\/index.php\/kontakt\/\" \/>\n<meta property=\"og:site_name\" content=\"www.arabische-schule-nour.ch\" \/>\n<meta property=\"article:modified_time\" content=\"2025-09-11T13:01:46+00:00\" \/>\n<meta property=\"og:image\" content=\"http:\/\/www.arabische-schule-nour.ch\/wp-content\/uploads\/2018\/10\/Arabische-Schule-NOUR-in-Zurich-Switzerland-1270x500-PIC0229.jpg\" \/>\n\t<meta property=\"og:image:width\" content=\"1270\" \/>\n\t<meta property=\"og:image:height\" content=\"500\" \/>\n\t<meta property=\"og:image:type\" content=\"image\/jpeg\" \/>\n<meta name=\"twitter:card\" content=\"summary_large_image\" \/>\n<meta name=\"twitter:label1\" content=\"Gesch\u00e4tzte Lesezeit\" \/>\n\t<meta name=\"twitter:data1\" content=\"2\u00a0Minuten\" \/>\n<script type=\"application\/ld+json\" class=\"yoast-schema-graph\">{\"@context\":\"https:\\\/\\\/schema.org\",\"@graph\":[{\"@type\":\"WebPage\",\"@id\":\"http:\\\/\\\/www.arabische-schule-nour.ch\\\/index.php\\\/kontakt\\\/\",\"url\":\"http:\\\/\\\/www.arabische-schule-nour.ch\\\/index.php\\\/kontakt\\\/\",\"name\":\"Kontakt - www.arabische-schule-nour.ch\",\"isPartOf\":{\"@id\":\"https:\\\/\\\/www.arabische-schule-nour.ch\\\/#website\"},\"primaryImageOfPage\":{\"@id\":\"http:\\\/\\\/www.arabische-schule-nour.ch\\\/index.php\\\/kontakt\\\/#primaryimage\"},\"image\":{\"@id\":\"http:\\\/\\\/www.arabische-schule-nour.ch\\\/index.php\\\/kontakt\\\/#primaryimage\"},\"thumbnailUrl\":\"https:\\\/\\\/www.arabische-schule-nour.ch\\\/wp-content\\\/uploads\\\/2018\\\/10\\\/Arabische-Schule-NOUR-in-Zurich-Switzerland-1270x500-PIC0229.jpg\",\"datePublished\":\"2019-02-02T23:27:55+00:00\",\"dateModified\":\"2025-09-11T13:01:46+00:00\",\"breadcrumb\":{\"@id\":\"http:\\\/\\\/www.arabische-schule-nour.ch\\\/index.php\\\/kontakt\\\/#breadcrumb\"},\"inLanguage\":\"de-CH\",\"potentialAction\":[{\"@type\":\"ReadAction\",\"target\":[\"http:\\\/\\\/www.arabische-schule-nour.ch\\\/index.php\\\/kontakt\\\/\"]}]},{\"@type\":\"ImageObject\",\"inLanguage\":\"de-CH\",\"@id\":\"http:\\\/\\\/www.arabische-schule-nour.ch\\\/index.php\\\/kontakt\\\/#primaryimage\",\"url\":\"https:\\\/\\\/www.arabische-schule-nour.ch\\\/wp-content\\\/uploads\\\/2018\\\/10\\\/Arabische-Schule-NOUR-in-Zurich-Switzerland-1270x500-PIC0229.jpg\",\"contentUrl\":\"https:\\\/\\\/www.arabische-schule-nour.ch\\\/wp-content\\\/uploads\\\/2018\\\/10\\\/Arabische-Schule-NOUR-in-Zurich-Switzerland-1270x500-PIC0229.jpg\",\"width\":1270,\"height\":500,\"caption\":\"Arabische Schule NOUR in Zurich Switzerland; \u0645\u062f\u0631\u0633\u0629 \u0646\u0648\u0631 \u0644\u062a\u0639\u0644\u064a\u0645 \u0627\u0644\u0644\u063a\u0629 \u0627\u0644\u0639\u0631\u0628\u064a\u0629 \u0641\u064a \u0632\u0648\u0631\u064a\u062e - \u0633\u0648\u064a\u0633\u0631\u0627\"},{\"@type\":\"BreadcrumbList\",\"@id\":\"http:\\\/\\\/www.arabische-schule-nour.ch\\\/index.php\\\/kontakt\\\/#breadcrumb\",\"itemListElement\":[{\"@type\":\"ListItem\",\"position\":1,\"name\":\"Home\",\"item\":\"https:\\\/\\\/www.arabische-schule-nour.ch\\\/\"},{\"@type\":\"ListItem\",\"position\":2,\"name\":\"Kontakt\"}]},{\"@type\":\"WebSite\",\"@id\":\"https:\\\/\\\/www.arabische-schule-nour.ch\\\/#website\",\"url\":\"https:\\\/\\\/www.arabische-schule-nour.ch\\\/\",\"name\":\"www.arabische-schule-nour.ch\",\"description\":\"\",\"potentialAction\":[{\"@type\":\"SearchAction\",\"target\":{\"@type\":\"EntryPoint\",\"urlTemplate\":\"https:\\\/\\\/www.arabische-schule-nour.ch\\\/?s={search_term_string}\"},\"query-input\":{\"@type\":\"PropertyValueSpecification\",\"valueRequired\":true,\"valueName\":\"search_term_string\"}}],\"inLanguage\":\"de-CH\"}]}<\/script>\n<!-- \/ Yoast SEO plugin. -->","yoast_head_json":{"title":"Kontakt - www.arabische-schule-nour.ch","robots":{"index":"index","follow":"follow","max-snippet":"max-snippet:-1","max-image-preview":"max-image-preview:large","max-video-preview":"max-video-preview:-1"},"canonical":"http:\/\/www.arabische-schule-nour.ch\/index.php\/kontakt\/","og_locale":"de_DE","og_type":"article","og_title":"Kontakt - www.arabische-schule-nour.ch","og_description":"[vc_row][vc_column width=&#187;1\/2&#8243;][vc_column_text] Arabische Schule NOUR Postfach, 8050 Z\u00fcrich E-Mail: info@arabische-schule-nour.ch E-Mail: arabische.schule.nour@hotmail.com F\u00fcr Fragen und Anliegen stehen wir Ihnen jeder Zeit gerne zur Verf\u00fcgung, Rufen Sie uns einfach an und &hellip;","og_url":"http:\/\/www.arabische-schule-nour.ch\/index.php\/kontakt\/","og_site_name":"www.arabische-schule-nour.ch","article_modified_time":"2025-09-11T13:01:46+00:00","og_image":[{"width":1270,"height":500,"url":"http:\/\/www.arabische-schule-nour.ch\/wp-content\/uploads\/2018\/10\/Arabische-Schule-NOUR-in-Zurich-Switzerland-1270x500-PIC0229.jpg","type":"image\/jpeg"}],"twitter_card":"summary_large_image","twitter_misc":{"Gesch\u00e4tzte Lesezeit":"2\u00a0Minuten"},"schema":{"@context":"https:\/\/schema.org","@graph":[{"@type":"WebPage","@id":"http:\/\/www.arabische-schule-nour.ch\/index.php\/kontakt\/","url":"http:\/\/www.arabische-schule-nour.ch\/index.php\/kontakt\/","name":"Kontakt - www.arabische-schule-nour.ch","isPartOf":{"@id":"https:\/\/www.arabische-schule-nour.ch\/#website"},"primaryImageOfPage":{"@id":"http:\/\/www.arabische-schule-nour.ch\/index.php\/kontakt\/#primaryimage"},"image":{"@id":"http:\/\/www.arabische-schule-nour.ch\/index.php\/kontakt\/#primaryimage"},"thumbnailUrl":"https:\/\/www.arabische-schule-nour.ch\/wp-content\/uploads\/2018\/10\/Arabische-Schule-NOUR-in-Zurich-Switzerland-1270x500-PIC0229.jpg","datePublished":"2019-02-02T23:27:55+00:00","dateModified":"2025-09-11T13:01:46+00:00","breadcrumb":{"@id":"http:\/\/www.arabische-schule-nour.ch\/index.php\/kontakt\/#breadcrumb"},"inLanguage":"de-CH","potentialAction":[{"@type":"ReadAction","target":["http:\/\/www.arabische-schule-nour.ch\/index.php\/kontakt\/"]}]},{"@type":"ImageObject","inLanguage":"de-CH","@id":"http:\/\/www.arabische-schule-nour.ch\/index.php\/kontakt\/#primaryimage","url":"https:\/\/www.arabische-schule-nour.ch\/wp-content\/uploads\/2018\/10\/Arabische-Schule-NOUR-in-Zurich-Switzerland-1270x500-PIC0229.jpg","contentUrl":"https:\/\/www.arabische-schule-nour.ch\/wp-content\/uploads\/2018\/10\/Arabische-Schule-NOUR-in-Zurich-Switzerland-1270x500-PIC0229.jpg","width":1270,"height":500,"caption":"Arabische Schule NOUR in Zurich Switzerland; \u0645\u062f\u0631\u0633\u0629 \u0646\u0648\u0631 \u0644\u062a\u0639\u0644\u064a\u0645 \u0627\u0644\u0644\u063a\u0629 \u0627\u0644\u0639\u0631\u0628\u064a\u0629 \u0641\u064a \u0632\u0648\u0631\u064a\u062e - \u0633\u0648\u064a\u0633\u0631\u0627"},{"@type":"BreadcrumbList","@id":"http:\/\/www.arabische-schule-nour.ch\/index.php\/kontakt\/#breadcrumb","itemListElement":[{"@type":"ListItem","position":1,"name":"Home","item":"https:\/\/www.arabische-schule-nour.ch\/"},{"@type":"ListItem","position":2,"name":"Kontakt"}]},{"@type":"WebSite","@id":"https:\/\/www.arabische-schule-nour.ch\/#website","url":"https:\/\/www.arabische-schule-nour.ch\/","name":"www.arabische-schule-nour.ch","description":"","potentialAction":[{"@type":"SearchAction","target":{"@type":"EntryPoint","urlTemplate":"https:\/\/www.arabische-schule-nour.ch\/?s={search_term_string}"},"query-input":{"@type":"PropertyValueSpecification","valueRequired":true,"valueName":"search_term_string"}}],"inLanguage":"de-CH"}]}},"post_mailing_queue_ids":[],"_links":{"self":[{"href":"https:\/\/www.arabische-schule-nour.ch\/index.php\/wp-json\/wp\/v2\/pages\/5017","targetHints":{"allow":["GET"]}}],"collection":[{"href":"https:\/\/www.arabische-schule-nour.ch\/index.php\/wp-json\/wp\/v2\/pages"}],"about":[{"href":"https:\/\/www.arabische-schule-nour.ch\/index.php\/wp-json\/wp\/v2\/types\/page"}],"author":[{"embeddable":true,"href":"https:\/\/www.arabische-schule-nour.ch\/index.php\/wp-json\/wp\/v2\/users\/1"}],"replies":[{"embeddable":true,"href":"https:\/\/www.arabische-schule-nour.ch\/index.php\/wp-json\/wp\/v2\/comments?post=5017"}],"version-history":[{"count":36,"href":"https:\/\/www.arabische-schule-nour.ch\/index.php\/wp-json\/wp\/v2\/pages\/5017\/revisions"}],"predecessor-version":[{"id":10806,"href":"https:\/\/www.arabische-schule-nour.ch\/index.php\/wp-json\/wp\/v2\/pages\/5017\/revisions\/10806"}],"wp:featuredmedia":[{"embeddable":true,"href":"https:\/\/www.arabische-schule-nour.ch\/index.php\/wp-json\/wp\/v2\/media\/4885"}],"wp:attachment":[{"href":"https:\/\/www.arabische-schule-nour.ch\/index.php\/wp-json\/wp\/v2\/media?parent=5017"}],"curies":[{"name":"wp","href":"https:\/\/api.w.org\/{rel}","templated":true}]}}