{"id":9697,"date":"2024-05-15T02:22:01","date_gmt":"2024-05-15T00:22:01","guid":{"rendered":"http:\/\/www.arabische-schule-nour.ch\/?page_id=9697"},"modified":"2024-05-15T02:33:26","modified_gmt":"2024-05-15T00:33:26","slug":"news","status":"publish","type":"page","link":"https:\/\/www.arabische-schule-nour.ch\/index.php\/news\/","title":{"rendered":"News"},"content":{"rendered":"<h1><span style=\"color: #ff6600;\"><strong>Good News<\/strong><\/span><\/h1>\n<h3>HSK-Anerkennung\u00a0durch die Schuldirektion des Kantons Z\u00fcrichs.<\/h3>\n<h3>Wir freuen uns Ihnen mitteilen zu d\u00fcrfen, dass unsere Schule im Juli 2017 von der Bildungsdirektion im Kanton Z\u00fcrich als HSK-Schule f\u00fcr arabische Sprache\u00a0und Kultur\u00a0anerkannt\u00a0wurde.<\/h3>\n<pre>HSK =\u00a0(Heimatliche Sprache und Kultur).<\/pre>\n","protected":false},"excerpt":{"rendered":"<p>Good News HSK-Anerkennung\u00a0durch die Schuldirektion des Kantons Z\u00fcrichs. Wir freuen uns Ihnen mitteilen zu d\u00fcrfen, dass unsere Schule im Juli 2017 von der Bildungsdirektion im Kanton Z\u00fcrich als HSK-Schule f\u00fcr &hellip; <\/p>\n","protected":false},"author":1,"featured_media":5125,"parent":0,"menu_order":0,"comment_status":"closed","ping_status":"closed","template":"template-noleft.php","meta":{"footnotes":""},"class_list":["post-9697","page","type-page","status-publish","has-post-thumbnail","hentry"],"yoast_head":"<!-- This site is optimized with the Yoast SEO plugin v27.3 - https:\/\/yoast.com\/product\/yoast-seo-wordpress\/ -->\n<title>News - www.arabische-schule-nour.ch<\/title>\n<meta name=\"robots\" content=\"index, follow, max-snippet:-1, max-image-preview:large, max-video-preview:-1\" \/>\n<link rel=\"canonical\" href=\"http:\/\/www.arabische-schule-nour.ch\/index.php\/news\/\" \/>\n<meta property=\"og:locale\" content=\"de_DE\" \/>\n<meta property=\"og:type\" content=\"article\" \/>\n<meta property=\"og:title\" content=\"News - www.arabische-schule-nour.ch\" \/>\n<meta property=\"og:description\" content=\"Good News HSK-Anerkennung\u00a0durch die Schuldirektion des Kantons Z\u00fcrichs. Wir freuen uns Ihnen mitteilen zu d\u00fcrfen, dass unsere Schule im Juli 2017 von der Bildungsdirektion im Kanton Z\u00fcrich als HSK-Schule f\u00fcr &hellip;\" \/>\n<meta property=\"og:url\" content=\"http:\/\/www.arabische-schule-nour.ch\/index.php\/news\/\" \/>\n<meta property=\"og:site_name\" content=\"www.arabische-schule-nour.ch\" \/>\n<meta property=\"article:modified_time\" content=\"2024-05-15T00:33:26+00:00\" \/>\n<meta property=\"og:image\" content=\"http:\/\/www.arabische-schule-nour.ch\/wp-content\/uploads\/2019\/09\/Arabische-Schule-NOUR-in-Zurich-Switzerland-1270x500-PIC0186.jpg\" \/>\n\t<meta property=\"og:image:width\" content=\"1270\" \/>\n\t<meta property=\"og:image:height\" content=\"500\" \/>\n\t<meta property=\"og:image:type\" content=\"image\/jpeg\" \/>\n<meta name=\"twitter:card\" content=\"summary_large_image\" \/>\n<script type=\"application\/ld+json\" class=\"yoast-schema-graph\">{\"@context\":\"https:\\\/\\\/schema.org\",\"@graph\":[{\"@type\":\"WebPage\",\"@id\":\"http:\\\/\\\/www.arabische-schule-nour.ch\\\/index.php\\\/news\\\/\",\"url\":\"http:\\\/\\\/www.arabische-schule-nour.ch\\\/index.php\\\/news\\\/\",\"name\":\"News - www.arabische-schule-nour.ch\",\"isPartOf\":{\"@id\":\"https:\\\/\\\/www.arabische-schule-nour.ch\\\/#website\"},\"primaryImageOfPage\":{\"@id\":\"http:\\\/\\\/www.arabische-schule-nour.ch\\\/index.php\\\/news\\\/#primaryimage\"},\"image\":{\"@id\":\"http:\\\/\\\/www.arabische-schule-nour.ch\\\/index.php\\\/news\\\/#primaryimage\"},\"thumbnailUrl\":\"https:\\\/\\\/www.arabische-schule-nour.ch\\\/wp-content\\\/uploads\\\/2019\\\/09\\\/Arabische-Schule-NOUR-in-Zurich-Switzerland-1270x500-PIC0186.jpg\",\"datePublished\":\"2024-05-15T00:22:01+00:00\",\"dateModified\":\"2024-05-15T00:33:26+00:00\",\"breadcrumb\":{\"@id\":\"http:\\\/\\\/www.arabische-schule-nour.ch\\\/index.php\\\/news\\\/#breadcrumb\"},\"inLanguage\":\"de-CH\",\"potentialAction\":[{\"@type\":\"ReadAction\",\"target\":[\"http:\\\/\\\/www.arabische-schule-nour.ch\\\/index.php\\\/news\\\/\"]}]},{\"@type\":\"ImageObject\",\"inLanguage\":\"de-CH\",\"@id\":\"http:\\\/\\\/www.arabische-schule-nour.ch\\\/index.php\\\/news\\\/#primaryimage\",\"url\":\"https:\\\/\\\/www.arabische-schule-nour.ch\\\/wp-content\\\/uploads\\\/2019\\\/09\\\/Arabische-Schule-NOUR-in-Zurich-Switzerland-1270x500-PIC0186.jpg\",\"contentUrl\":\"https:\\\/\\\/www.arabische-schule-nour.ch\\\/wp-content\\\/uploads\\\/2019\\\/09\\\/Arabische-Schule-NOUR-in-Zurich-Switzerland-1270x500-PIC0186.jpg\",\"width\":1270,\"height\":500,\"caption\":\"Arabische Schule NOUR in Zurich Switzerland; \u0645\u062f\u0631\u0633\u0629 \u0646\u0648\u0631 \u0644\u062a\u0639\u0644\u064a\u0645 \u0627\u0644\u0644\u063a\u0629 \u0627\u0644\u0639\u0631\u0628\u064a\u0629 \u0641\u064a \u0632\u0648\u0631\u064a\u062e - \u0633\u0648\u064a\u0633\u0631\u0627\"},{\"@type\":\"BreadcrumbList\",\"@id\":\"http:\\\/\\\/www.arabische-schule-nour.ch\\\/index.php\\\/news\\\/#breadcrumb\",\"itemListElement\":[{\"@type\":\"ListItem\",\"position\":1,\"name\":\"Home\",\"item\":\"https:\\\/\\\/www.arabische-schule-nour.ch\\\/\"},{\"@type\":\"ListItem\",\"position\":2,\"name\":\"News\"}]},{\"@type\":\"WebSite\",\"@id\":\"https:\\\/\\\/www.arabische-schule-nour.ch\\\/#website\",\"url\":\"https:\\\/\\\/www.arabische-schule-nour.ch\\\/\",\"name\":\"www.arabische-schule-nour.ch\",\"description\":\"\",\"potentialAction\":[{\"@type\":\"SearchAction\",\"target\":{\"@type\":\"EntryPoint\",\"urlTemplate\":\"https:\\\/\\\/www.arabische-schule-nour.ch\\\/?s={search_term_string}\"},\"query-input\":{\"@type\":\"PropertyValueSpecification\",\"valueRequired\":true,\"valueName\":\"search_term_string\"}}],\"inLanguage\":\"de-CH\"}]}<\/script>\n<!-- \/ Yoast SEO plugin. -->","yoast_head_json":{"title":"News - www.arabische-schule-nour.ch","robots":{"index":"index","follow":"follow","max-snippet":"max-snippet:-1","max-image-preview":"max-image-preview:large","max-video-preview":"max-video-preview:-1"},"canonical":"http:\/\/www.arabische-schule-nour.ch\/index.php\/news\/","og_locale":"de_DE","og_type":"article","og_title":"News - www.arabische-schule-nour.ch","og_description":"Good News HSK-Anerkennung\u00a0durch die Schuldirektion des Kantons Z\u00fcrichs. Wir freuen uns Ihnen mitteilen zu d\u00fcrfen, dass unsere Schule im Juli 2017 von der Bildungsdirektion im Kanton Z\u00fcrich als HSK-Schule f\u00fcr &hellip;","og_url":"http:\/\/www.arabische-schule-nour.ch\/index.php\/news\/","og_site_name":"www.arabische-schule-nour.ch","article_modified_time":"2024-05-15T00:33:26+00:00","og_image":[{"width":1270,"height":500,"url":"http:\/\/www.arabische-schule-nour.ch\/wp-content\/uploads\/2019\/09\/Arabische-Schule-NOUR-in-Zurich-Switzerland-1270x500-PIC0186.jpg","type":"image\/jpeg"}],"twitter_card":"summary_large_image","schema":{"@context":"https:\/\/schema.org","@graph":[{"@type":"WebPage","@id":"http:\/\/www.arabische-schule-nour.ch\/index.php\/news\/","url":"http:\/\/www.arabische-schule-nour.ch\/index.php\/news\/","name":"News - www.arabische-schule-nour.ch","isPartOf":{"@id":"https:\/\/www.arabische-schule-nour.ch\/#website"},"primaryImageOfPage":{"@id":"http:\/\/www.arabische-schule-nour.ch\/index.php\/news\/#primaryimage"},"image":{"@id":"http:\/\/www.arabische-schule-nour.ch\/index.php\/news\/#primaryimage"},"thumbnailUrl":"https:\/\/www.arabische-schule-nour.ch\/wp-content\/uploads\/2019\/09\/Arabische-Schule-NOUR-in-Zurich-Switzerland-1270x500-PIC0186.jpg","datePublished":"2024-05-15T00:22:01+00:00","dateModified":"2024-05-15T00:33:26+00:00","breadcrumb":{"@id":"http:\/\/www.arabische-schule-nour.ch\/index.php\/news\/#breadcrumb"},"inLanguage":"de-CH","potentialAction":[{"@type":"ReadAction","target":["http:\/\/www.arabische-schule-nour.ch\/index.php\/news\/"]}]},{"@type":"ImageObject","inLanguage":"de-CH","@id":"http:\/\/www.arabische-schule-nour.ch\/index.php\/news\/#primaryimage","url":"https:\/\/www.arabische-schule-nour.ch\/wp-content\/uploads\/2019\/09\/Arabische-Schule-NOUR-in-Zurich-Switzerland-1270x500-PIC0186.jpg","contentUrl":"https:\/\/www.arabische-schule-nour.ch\/wp-content\/uploads\/2019\/09\/Arabische-Schule-NOUR-in-Zurich-Switzerland-1270x500-PIC0186.jpg","width":1270,"height":500,"caption":"Arabische Schule NOUR in Zurich Switzerland; \u0645\u062f\u0631\u0633\u0629 \u0646\u0648\u0631 \u0644\u062a\u0639\u0644\u064a\u0645 \u0627\u0644\u0644\u063a\u0629 \u0627\u0644\u0639\u0631\u0628\u064a\u0629 \u0641\u064a \u0632\u0648\u0631\u064a\u062e - \u0633\u0648\u064a\u0633\u0631\u0627"},{"@type":"BreadcrumbList","@id":"http:\/\/www.arabische-schule-nour.ch\/index.php\/news\/#breadcrumb","itemListElement":[{"@type":"ListItem","position":1,"name":"Home","item":"https:\/\/www.arabische-schule-nour.ch\/"},{"@type":"ListItem","position":2,"name":"News"}]},{"@type":"WebSite","@id":"https:\/\/www.arabische-schule-nour.ch\/#website","url":"https:\/\/www.arabische-schule-nour.ch\/","name":"www.arabische-schule-nour.ch","description":"","potentialAction":[{"@type":"SearchAction","target":{"@type":"EntryPoint","urlTemplate":"https:\/\/www.arabische-schule-nour.ch\/?s={search_term_string}"},"query-input":{"@type":"PropertyValueSpecification","valueRequired":true,"valueName":"search_term_string"}}],"inLanguage":"de-CH"}]}},"post_mailing_queue_ids":[],"_links":{"self":[{"href":"https:\/\/www.arabische-schule-nour.ch\/index.php\/wp-json\/wp\/v2\/pages\/9697","targetHints":{"allow":["GET"]}}],"collection":[{"href":"https:\/\/www.arabische-schule-nour.ch\/index.php\/wp-json\/wp\/v2\/pages"}],"about":[{"href":"https:\/\/www.arabische-schule-nour.ch\/index.php\/wp-json\/wp\/v2\/types\/page"}],"author":[{"embeddable":true,"href":"https:\/\/www.arabische-schule-nour.ch\/index.php\/wp-json\/wp\/v2\/users\/1"}],"replies":[{"embeddable":true,"href":"https:\/\/www.arabische-schule-nour.ch\/index.php\/wp-json\/wp\/v2\/comments?post=9697"}],"version-history":[{"count":3,"href":"https:\/\/www.arabische-schule-nour.ch\/index.php\/wp-json\/wp\/v2\/pages\/9697\/revisions"}],"predecessor-version":[{"id":10684,"href":"https:\/\/www.arabische-schule-nour.ch\/index.php\/wp-json\/wp\/v2\/pages\/9697\/revisions\/10684"}],"wp:featuredmedia":[{"embeddable":true,"href":"https:\/\/www.arabische-schule-nour.ch\/index.php\/wp-json\/wp\/v2\/media\/5125"}],"wp:attachment":[{"href":"https:\/\/www.arabische-schule-nour.ch\/index.php\/wp-json\/wp\/v2\/media?parent=9697"}],"curies":[{"name":"wp","href":"https:\/\/api.w.org\/{rel}","templated":true}]}}